{"id":88888,"date":"2021-01-22T21:50:12","date_gmt":"2021-01-22T21:50:12","guid":{"rendered":"https:\/\/ifoffice.pt\/produto\/import-placeholder-for-59859\/"},"modified":"2025-03-12T11:44:25","modified_gmt":"2025-03-12T11:44:25","slug":"termometro-clinico-digital-jocca","status":"publish","type":"product","link":"https:\/\/ifoffice.pt\/?product=termometro-clinico-digital-jocca","title":{"rendered":"Termometro clinico digital jocca"},"content":{"rendered":"<p>Apto para uso nas axilas, oral ou retal. Indica a temperatura corporal em  60 segundos. Sinal ac\u00fastico de aviso. Visor digital de f\u00e1cil leitura. Desligar  autom\u00e1tico. Medi\u00e7\u00e3o r\u00e1pida e precisa. Funciona com 1 pilha LR41, inclu\u00edda.  Material pl\u00e1stico. Medidas: 14 x 2 cm.<\/p>\n","protected":false},"excerpt":{"rendered":"<p>Termometro clinico digital jocca<\/p>\n","protected":false},"featured_media":121661,"comment_status":"closed","ping_status":"closed","template":"","meta":{"neve_meta_sidebar":"","neve_meta_container":"","neve_meta_enable_content_width":"off","neve_meta_content_width":0,"neve_meta_title_alignment":"","neve_meta_author_avatar":"","neve_post_elements_order":"","neve_meta_disable_header":"","neve_meta_disable_footer":"","neve_meta_disable_title":""},"product_brand":[],"product_cat":[15],"product_tag":[1012,2334],"class_list":{"0":"post-88888","1":"product","2":"type-product","3":"status-publish","4":"has-post-thumbnail","6":"product_cat-uncategorized","7":"product_tag-covid","8":"product_tag-termometro","10":"first","11":"outofstock","12":"taxable","13":"shipping-taxable","14":"purchasable","15":"product-type-simple"},"_links":{"self":[{"href":"https:\/\/ifoffice.pt\/index.php?rest_route=\/wp\/v2\/product\/88888","targetHints":{"allow":["GET"]}}],"collection":[{"href":"https:\/\/ifoffice.pt\/index.php?rest_route=\/wp\/v2\/product"}],"about":[{"href":"https:\/\/ifoffice.pt\/index.php?rest_route=\/wp\/v2\/types\/product"}],"replies":[{"embeddable":true,"href":"https:\/\/ifoffice.pt\/index.php?rest_route=%2Fwp%2Fv2%2Fcomments&post=88888"}],"wp:featuredmedia":[{"embeddable":true,"href":"https:\/\/ifoffice.pt\/index.php?rest_route=\/wp\/v2\/media\/121661"}],"wp:attachment":[{"href":"https:\/\/ifoffice.pt\/index.php?rest_route=%2Fwp%2Fv2%2Fmedia&parent=88888"}],"wp:term":[{"taxonomy":"product_brand","embeddable":true,"href":"https:\/\/ifoffice.pt\/index.php?rest_route=%2Fwp%2Fv2%2Fproduct_brand&post=88888"},{"taxonomy":"product_cat","embeddable":true,"href":"https:\/\/ifoffice.pt\/index.php?rest_route=%2Fwp%2Fv2%2Fproduct_cat&post=88888"},{"taxonomy":"product_tag","embeddable":true,"href":"https:\/\/ifoffice.pt\/index.php?rest_route=%2Fwp%2Fv2%2Fproduct_tag&post=88888"}],"curies":[{"name":"wp","href":"https:\/\/api.w.org\/{rel}","templated":true}]}}