{"id":88885,"date":"2021-01-22T21:50:11","date_gmt":"2021-01-22T21:50:11","guid":{"rendered":"https:\/\/ifoffice.pt\/produto\/import-placeholder-for-59886\/"},"modified":"2026-02-23T13:21:22","modified_gmt":"2026-02-23T13:21:22","slug":"lapis-de-cera-giotto-caixa-de-12-cores","status":"publish","type":"product","link":"https:\/\/ifoffice.pt\/?product=lapis-de-cera-giotto-caixa-de-12-cores","title":{"rendered":"Lapis de cera giotto caixa de 12 cores"},"content":{"rendered":"<p>Lapis de cera em cores vivas. Lav\u00e1veis na maior parte de tecidos e superf\u00edcies n\u00e3o porosas. Estojo de 12 cores sortidas.<\/p>\n","protected":false},"excerpt":{"rendered":"<p>Lapis de cera giotto caixa de 12 cores<\/p>\n","protected":false},"featured_media":121658,"comment_status":"closed","ping_status":"closed","template":"","meta":{"neve_meta_sidebar":"","neve_meta_container":"","neve_meta_enable_content_width":"off","neve_meta_content_width":100,"neve_meta_title_alignment":"","neve_meta_author_avatar":"","neve_post_elements_order":"","neve_meta_disable_header":"","neve_meta_disable_footer":"","neve_meta_disable_title":""},"product_brand":[],"product_cat":[1774],"product_tag":[],"class_list":{"0":"post-88885","1":"product","2":"type-product","3":"status-publish","4":"has-post-thumbnail","6":"product_cat-ceras","8":"first","9":"instock","10":"sale","11":"taxable","12":"shipping-taxable","13":"purchasable","14":"product-type-simple"},"_links":{"self":[{"href":"https:\/\/ifoffice.pt\/index.php?rest_route=\/wp\/v2\/product\/88885","targetHints":{"allow":["GET"]}}],"collection":[{"href":"https:\/\/ifoffice.pt\/index.php?rest_route=\/wp\/v2\/product"}],"about":[{"href":"https:\/\/ifoffice.pt\/index.php?rest_route=\/wp\/v2\/types\/product"}],"replies":[{"embeddable":true,"href":"https:\/\/ifoffice.pt\/index.php?rest_route=%2Fwp%2Fv2%2Fcomments&post=88885"}],"wp:featuredmedia":[{"embeddable":true,"href":"https:\/\/ifoffice.pt\/index.php?rest_route=\/wp\/v2\/media\/121658"}],"wp:attachment":[{"href":"https:\/\/ifoffice.pt\/index.php?rest_route=%2Fwp%2Fv2%2Fmedia&parent=88885"}],"wp:term":[{"taxonomy":"product_brand","embeddable":true,"href":"https:\/\/ifoffice.pt\/index.php?rest_route=%2Fwp%2Fv2%2Fproduct_brand&post=88885"},{"taxonomy":"product_cat","embeddable":true,"href":"https:\/\/ifoffice.pt\/index.php?rest_route=%2Fwp%2Fv2%2Fproduct_cat&post=88885"},{"taxonomy":"product_tag","embeddable":true,"href":"https:\/\/ifoffice.pt\/index.php?rest_route=%2Fwp%2Fv2%2Fproduct_tag&post=88885"}],"curies":[{"name":"wp","href":"https:\/\/api.w.org\/{rel}","templated":true}]}}