{"id":88872,"date":"2021-01-22T21:50:09","date_gmt":"2021-01-22T21:50:09","guid":{"rendered":"https:\/\/ifoffice.pt\/produto\/import-placeholder-for-59903\/"},"modified":"2025-03-12T11:44:19","modified_gmt":"2025-03-12T11:44:19","slug":"cha-lipton-piramide-de-frutos-vermelhos-20-saquetas","status":"publish","type":"product","link":"https:\/\/ifoffice.pt\/?product=cha-lipton-piramide-de-frutos-vermelhos-20-saquetas","title":{"rendered":"Cha lipton piramide de frutos vermelhos 20 saquetas"},"content":{"rendered":"<p>Exclusiva sele\u00e7\u00e3o de ch\u00e1s do mundo numa saqueta revolucion\u00e1ria em pir\u00e2mide que permite uma maior express\u00e3o de sabor e aromas.  Caixa de 20 bolsas.<\/p>\n","protected":false},"excerpt":{"rendered":"<p>Cha lipton piramide de frutos vermelhos 20 saquetas<\/p>\n","protected":false},"featured_media":121645,"comment_status":"closed","ping_status":"closed","template":"","meta":{"neve_meta_sidebar":"","neve_meta_container":"","neve_meta_enable_content_width":"off","neve_meta_content_width":0,"neve_meta_title_alignment":"","neve_meta_author_avatar":"","neve_post_elements_order":"","neve_meta_disable_header":"","neve_meta_disable_footer":"","neve_meta_disable_title":""},"product_brand":[],"product_cat":[2489],"product_tag":[2332],"class_list":{"0":"post-88872","1":"product","2":"type-product","3":"status-publish","4":"has-post-thumbnail","6":"product_cat-cafas-e-infusoes","7":"product_tag-infusoes","9":"first","10":"outofstock","11":"taxable","12":"shipping-taxable","13":"purchasable","14":"product-type-simple"},"_links":{"self":[{"href":"https:\/\/ifoffice.pt\/index.php?rest_route=\/wp\/v2\/product\/88872","targetHints":{"allow":["GET"]}}],"collection":[{"href":"https:\/\/ifoffice.pt\/index.php?rest_route=\/wp\/v2\/product"}],"about":[{"href":"https:\/\/ifoffice.pt\/index.php?rest_route=\/wp\/v2\/types\/product"}],"replies":[{"embeddable":true,"href":"https:\/\/ifoffice.pt\/index.php?rest_route=%2Fwp%2Fv2%2Fcomments&post=88872"}],"wp:featuredmedia":[{"embeddable":true,"href":"https:\/\/ifoffice.pt\/index.php?rest_route=\/wp\/v2\/media\/121645"}],"wp:attachment":[{"href":"https:\/\/ifoffice.pt\/index.php?rest_route=%2Fwp%2Fv2%2Fmedia&parent=88872"}],"wp:term":[{"taxonomy":"product_brand","embeddable":true,"href":"https:\/\/ifoffice.pt\/index.php?rest_route=%2Fwp%2Fv2%2Fproduct_brand&post=88872"},{"taxonomy":"product_cat","embeddable":true,"href":"https:\/\/ifoffice.pt\/index.php?rest_route=%2Fwp%2Fv2%2Fproduct_cat&post=88872"},{"taxonomy":"product_tag","embeddable":true,"href":"https:\/\/ifoffice.pt\/index.php?rest_route=%2Fwp%2Fv2%2Fproduct_tag&post=88872"}],"curies":[{"name":"wp","href":"https:\/\/api.w.org\/{rel}","templated":true}]}}