{"id":88792,"date":"2021-01-22T21:49:23","date_gmt":"2021-01-22T21:49:23","guid":{"rendered":"https:\/\/ifoffice.pt\/produto\/import-placeholder-for-59947\/"},"modified":"2026-02-23T13:21:16","modified_gmt":"2026-02-23T13:21:16","slug":"copo-termico-de-poliexpan-200cc-pack-de-50-unidades","status":"publish","type":"product","link":"https:\/\/ifoffice.pt\/?product=copo-termico-de-poliexpan-200cc-pack-de-50-unidades","title":{"rendered":"Copo termico de poliexpan 200cc pack de 50 unidades"},"content":{"rendered":"<p>Copo fabricado em foam. Ret\u00e9m o calor, mantendo a  bebida quente mais tempo. Capacidade: 200 ml. Tampa  pl\u00e1stico plana de 74,1 mm de di\u00e2metro.<\/p>\n","protected":false},"excerpt":{"rendered":"<p>Copo termico de poliexpan 200cc pack de 50 unidades<\/p>\n","protected":false},"featured_media":121622,"comment_status":"closed","ping_status":"closed","template":"","meta":{"neve_meta_sidebar":"","neve_meta_container":"","neve_meta_enable_content_width":"off","neve_meta_content_width":0,"neve_meta_title_alignment":"","neve_meta_author_avatar":"","neve_post_elements_order":"","neve_meta_disable_header":"","neve_meta_disable_footer":"","neve_meta_disable_title":""},"product_brand":[],"product_cat":[1814],"product_tag":[918,2647],"class_list":{"0":"post-88792","1":"product","2":"type-product","3":"status-publish","4":"has-post-thumbnail","6":"product_cat-talheres-pratos-e-copos","7":"product_tag-copos","8":"product_tag-descartaveis","10":"first","11":"instock","12":"taxable","13":"shipping-taxable","14":"purchasable","15":"product-type-simple"},"_links":{"self":[{"href":"https:\/\/ifoffice.pt\/index.php?rest_route=\/wp\/v2\/product\/88792","targetHints":{"allow":["GET"]}}],"collection":[{"href":"https:\/\/ifoffice.pt\/index.php?rest_route=\/wp\/v2\/product"}],"about":[{"href":"https:\/\/ifoffice.pt\/index.php?rest_route=\/wp\/v2\/types\/product"}],"replies":[{"embeddable":true,"href":"https:\/\/ifoffice.pt\/index.php?rest_route=%2Fwp%2Fv2%2Fcomments&post=88792"}],"wp:featuredmedia":[{"embeddable":true,"href":"https:\/\/ifoffice.pt\/index.php?rest_route=\/wp\/v2\/media\/121622"}],"wp:attachment":[{"href":"https:\/\/ifoffice.pt\/index.php?rest_route=%2Fwp%2Fv2%2Fmedia&parent=88792"}],"wp:term":[{"taxonomy":"product_brand","embeddable":true,"href":"https:\/\/ifoffice.pt\/index.php?rest_route=%2Fwp%2Fv2%2Fproduct_brand&post=88792"},{"taxonomy":"product_cat","embeddable":true,"href":"https:\/\/ifoffice.pt\/index.php?rest_route=%2Fwp%2Fv2%2Fproduct_cat&post=88792"},{"taxonomy":"product_tag","embeddable":true,"href":"https:\/\/ifoffice.pt\/index.php?rest_route=%2Fwp%2Fv2%2Fproduct_tag&post=88792"}],"curies":[{"name":"wp","href":"https:\/\/api.w.org\/{rel}","templated":true}]}}