{"id":88778,"date":"2021-01-22T21:49:20","date_gmt":"2021-01-22T21:49:20","guid":{"rendered":"https:\/\/ifoffice.pt\/produto\/import-placeholder-for-59970\/"},"modified":"2025-03-12T11:44:07","modified_gmt":"2025-03-12T11:44:07","slug":"ambientador-ambi-pur-electrico-sabao-natural-recarga-215-ml","status":"publish","type":"product","link":"https:\/\/ifoffice.pt\/?product=ambientador-ambi-pur-electrico-sabao-natural-recarga-215-ml","title":{"rendered":"Ambientador ambi pur electrico sabao natural recarga 21,5 ml"},"content":{"rendered":"<p>Recargas para ambientador el\u00e9trico com control de intensidade. Aromas  suaves e frescos. Dura\u00e7\u00e0o at\u00e9 80 dias. 21,5 ml.<\/p>\n","protected":false},"excerpt":{"rendered":"<p>Ambientador ambi pur electrico sabao natural recarga 21,5 ml<\/p>\n","protected":false},"featured_media":88808,"comment_status":"closed","ping_status":"closed","template":"","meta":{"neve_meta_sidebar":"","neve_meta_container":"","neve_meta_enable_content_width":"","neve_meta_content_width":0,"neve_meta_title_alignment":"","neve_meta_author_avatar":"","neve_post_elements_order":"","neve_meta_disable_header":"","neve_meta_disable_footer":"","neve_meta_disable_title":""},"product_brand":[],"product_cat":[1792],"product_tag":[2328],"class_list":{"0":"post-88778","1":"product","2":"type-product","3":"status-publish","4":"has-post-thumbnail","6":"product_cat-produtos-de-limpeza","7":"product_tag-ambientador-para-carro","9":"first","10":"outofstock","11":"taxable","12":"shipping-taxable","13":"purchasable","14":"product-type-simple"},"_links":{"self":[{"href":"https:\/\/ifoffice.pt\/index.php?rest_route=\/wp\/v2\/product\/88778","targetHints":{"allow":["GET"]}}],"collection":[{"href":"https:\/\/ifoffice.pt\/index.php?rest_route=\/wp\/v2\/product"}],"about":[{"href":"https:\/\/ifoffice.pt\/index.php?rest_route=\/wp\/v2\/types\/product"}],"replies":[{"embeddable":true,"href":"https:\/\/ifoffice.pt\/index.php?rest_route=%2Fwp%2Fv2%2Fcomments&post=88778"}],"wp:featuredmedia":[{"embeddable":true,"href":"https:\/\/ifoffice.pt\/index.php?rest_route=\/wp\/v2\/media\/88808"}],"wp:attachment":[{"href":"https:\/\/ifoffice.pt\/index.php?rest_route=%2Fwp%2Fv2%2Fmedia&parent=88778"}],"wp:term":[{"taxonomy":"product_brand","embeddable":true,"href":"https:\/\/ifoffice.pt\/index.php?rest_route=%2Fwp%2Fv2%2Fproduct_brand&post=88778"},{"taxonomy":"product_cat","embeddable":true,"href":"https:\/\/ifoffice.pt\/index.php?rest_route=%2Fwp%2Fv2%2Fproduct_cat&post=88778"},{"taxonomy":"product_tag","embeddable":true,"href":"https:\/\/ifoffice.pt\/index.php?rest_route=%2Fwp%2Fv2%2Fproduct_tag&post=88778"}],"curies":[{"name":"wp","href":"https:\/\/api.w.org\/{rel}","templated":true}]}}