{"id":88764,"date":"2021-01-22T21:49:18","date_gmt":"2021-01-22T21:49:18","guid":{"rendered":"https:\/\/ifoffice.pt\/produto\/import-placeholder-for-59992\/"},"modified":"2026-02-23T13:21:13","modified_gmt":"2026-02-23T13:21:13","slug":"desinfetante-e-ambientador-para-wc-poder-activo-natural-51-gr","status":"publish","type":"product","link":"https:\/\/ifoffice.pt\/?product=desinfetante-e-ambientador-para-wc-poder-activo-natural-51-gr","title":{"rendered":"Desinfetante e ambientador para wc poder activo natural 51 gr"},"content":{"rendered":"<p>Produto para sanita que combina 4 componentes ativos: espuma de limpeza,  f\u00f3rmula anti-calc\u00e1rio, protetor contra a sujidade e frescura extra. Atua como  desinfetante e ambientador. Aroma natural. Conte\u00fado 51 g.<\/p>\n","protected":false},"excerpt":{"rendered":"<p>Desinfetante e ambientador para wc poder activo natural 51 gr<\/p>\n","protected":false},"featured_media":121605,"comment_status":"closed","ping_status":"closed","template":"","meta":{"neve_meta_sidebar":"","neve_meta_container":"","neve_meta_enable_content_width":"off","neve_meta_content_width":70,"neve_meta_title_alignment":"","neve_meta_author_avatar":"","neve_post_elements_order":"","neve_meta_disable_header":"","neve_meta_disable_footer":"","neve_meta_disable_title":""},"product_brand":[],"product_cat":[1792],"product_tag":[976],"class_list":{"0":"post-88764","1":"product","2":"type-product","3":"status-publish","4":"has-post-thumbnail","6":"product_cat-produtos-de-limpeza","7":"product_tag-limpieza-de-wc","9":"first","10":"instock","11":"taxable","12":"shipping-taxable","13":"purchasable","14":"product-type-simple"},"_links":{"self":[{"href":"https:\/\/ifoffice.pt\/index.php?rest_route=\/wp\/v2\/product\/88764","targetHints":{"allow":["GET"]}}],"collection":[{"href":"https:\/\/ifoffice.pt\/index.php?rest_route=\/wp\/v2\/product"}],"about":[{"href":"https:\/\/ifoffice.pt\/index.php?rest_route=\/wp\/v2\/types\/product"}],"replies":[{"embeddable":true,"href":"https:\/\/ifoffice.pt\/index.php?rest_route=%2Fwp%2Fv2%2Fcomments&post=88764"}],"wp:featuredmedia":[{"embeddable":true,"href":"https:\/\/ifoffice.pt\/index.php?rest_route=\/wp\/v2\/media\/121605"}],"wp:attachment":[{"href":"https:\/\/ifoffice.pt\/index.php?rest_route=%2Fwp%2Fv2%2Fmedia&parent=88764"}],"wp:term":[{"taxonomy":"product_brand","embeddable":true,"href":"https:\/\/ifoffice.pt\/index.php?rest_route=%2Fwp%2Fv2%2Fproduct_brand&post=88764"},{"taxonomy":"product_cat","embeddable":true,"href":"https:\/\/ifoffice.pt\/index.php?rest_route=%2Fwp%2Fv2%2Fproduct_cat&post=88764"},{"taxonomy":"product_tag","embeddable":true,"href":"https:\/\/ifoffice.pt\/index.php?rest_route=%2Fwp%2Fv2%2Fproduct_tag&post=88764"}],"curies":[{"name":"wp","href":"https:\/\/api.w.org\/{rel}","templated":true}]}}