{"id":88732,"date":"2021-01-22T21:48:57","date_gmt":"2021-01-22T21:48:57","guid":{"rendered":"https:\/\/ifoffice.pt\/produto\/import-placeholder-for-59999\/"},"modified":"2026-02-23T13:21:13","modified_gmt":"2026-02-23T13:21:13","slug":"esfregona-de-microfibras-com-adaptador-universal","status":"publish","type":"product","link":"https:\/\/ifoffice.pt\/?product=esfregona-de-microfibras-com-adaptador-universal","title":{"rendered":"Esfregona de microfibras com adaptador universal"},"content":{"rendered":"<p>Esfregona de microfibras. Oferece a m\u00e1xima absor\u00e7\u00e3o, n\u00e3o deixando rasto no ch\u00e3o. Design especial entrela\u00e7ado que faz com que n\u00e3o se desfie e proporciona uma secagem instant\u00e2nea. Inclui adaptador universal. Peso: 168g. 22cm.<\/p>\n","protected":false},"excerpt":{"rendered":"<p>Esfregona de microfibras com adaptador universal<\/p>\n","protected":false},"featured_media":131543,"comment_status":"closed","ping_status":"closed","template":"","meta":{"neve_meta_sidebar":"","neve_meta_container":"","neve_meta_enable_content_width":"off","neve_meta_content_width":0,"neve_meta_title_alignment":"","neve_meta_author_avatar":"","neve_post_elements_order":"","neve_meta_disable_header":"","neve_meta_disable_footer":"","neve_meta_disable_title":""},"product_brand":[],"product_cat":[1792],"product_tag":[2016],"class_list":{"0":"post-88732","1":"product","2":"type-product","3":"status-publish","4":"has-post-thumbnail","6":"product_cat-produtos-de-limpeza","7":"product_tag-esfregonas","9":"first","10":"instock","11":"taxable","12":"shipping-taxable","13":"purchasable","14":"product-type-simple"},"_links":{"self":[{"href":"https:\/\/ifoffice.pt\/index.php?rest_route=\/wp\/v2\/product\/88732","targetHints":{"allow":["GET"]}}],"collection":[{"href":"https:\/\/ifoffice.pt\/index.php?rest_route=\/wp\/v2\/product"}],"about":[{"href":"https:\/\/ifoffice.pt\/index.php?rest_route=\/wp\/v2\/types\/product"}],"replies":[{"embeddable":true,"href":"https:\/\/ifoffice.pt\/index.php?rest_route=%2Fwp%2Fv2%2Fcomments&post=88732"}],"wp:featuredmedia":[{"embeddable":true,"href":"https:\/\/ifoffice.pt\/index.php?rest_route=\/wp\/v2\/media\/131543"}],"wp:attachment":[{"href":"https:\/\/ifoffice.pt\/index.php?rest_route=%2Fwp%2Fv2%2Fmedia&parent=88732"}],"wp:term":[{"taxonomy":"product_brand","embeddable":true,"href":"https:\/\/ifoffice.pt\/index.php?rest_route=%2Fwp%2Fv2%2Fproduct_brand&post=88732"},{"taxonomy":"product_cat","embeddable":true,"href":"https:\/\/ifoffice.pt\/index.php?rest_route=%2Fwp%2Fv2%2Fproduct_cat&post=88732"},{"taxonomy":"product_tag","embeddable":true,"href":"https:\/\/ifoffice.pt\/index.php?rest_route=%2Fwp%2Fv2%2Fproduct_tag&post=88732"}],"curies":[{"name":"wp","href":"https:\/\/api.w.org\/{rel}","templated":true}]}}