{"id":88664,"date":"2021-01-22T21:48:31","date_gmt":"2021-01-22T21:48:31","guid":{"rendered":"https:\/\/ifoffice.pt\/produto\/import-placeholder-for-62772\/"},"modified":"2025-05-09T08:44:00","modified_gmt":"2025-05-09T08:44:00","slug":"apoio-de-pulsos-fellowes-para-teclado-plush-touch-foam-preto","status":"publish","type":"product","link":"https:\/\/ifoffice.pt\/?product=apoio-de-pulsos-fellowes-para-teclado-plush-touch-foam-preto","title":{"rendered":"Apoio de pulsos fellowes para teclado plush touch foam preto"},"content":{"rendered":"<p>Proporciona o apoio adequado para o pulso enquanto usa o teclado. Fabricado em FoamFusi\u00f3n&#8217; espuma de alta densidade e gel, faz dele o apoio de pulsos mais suave do mercado. Prote\u00e7\u00e3o Anti-bact\u00e9rias Microban\u00a9. Forrado em tecido suave, transpir\u00e1vel e resistente. Base antideslizante.<\/p>\n","protected":false},"excerpt":{"rendered":"<p>Apoio de pulsos fellowes para teclado plush touch foam preto<\/p>\n","protected":false},"featured_media":121569,"comment_status":"closed","ping_status":"closed","template":"","meta":{"neve_meta_sidebar":"","neve_meta_container":"","neve_meta_enable_content_width":"off","neve_meta_content_width":100,"neve_meta_title_alignment":"","neve_meta_author_avatar":"","neve_post_elements_order":"","neve_meta_disable_header":"","neve_meta_disable_footer":"","neve_meta_disable_title":""},"product_brand":[],"product_cat":[1808],"product_tag":[1188],"class_list":{"0":"post-88664","1":"product","2":"type-product","3":"status-publish","4":"has-post-thumbnail","6":"product_cat-ergonomia","7":"product_tag-apoio-de-pulsos","9":"first","10":"instock","11":"taxable","12":"shipping-taxable","13":"purchasable","14":"product-type-variable"},"_links":{"self":[{"href":"https:\/\/ifoffice.pt\/index.php?rest_route=\/wp\/v2\/product\/88664","targetHints":{"allow":["GET"]}}],"collection":[{"href":"https:\/\/ifoffice.pt\/index.php?rest_route=\/wp\/v2\/product"}],"about":[{"href":"https:\/\/ifoffice.pt\/index.php?rest_route=\/wp\/v2\/types\/product"}],"replies":[{"embeddable":true,"href":"https:\/\/ifoffice.pt\/index.php?rest_route=%2Fwp%2Fv2%2Fcomments&post=88664"}],"wp:featuredmedia":[{"embeddable":true,"href":"https:\/\/ifoffice.pt\/index.php?rest_route=\/wp\/v2\/media\/121569"}],"wp:attachment":[{"href":"https:\/\/ifoffice.pt\/index.php?rest_route=%2Fwp%2Fv2%2Fmedia&parent=88664"}],"wp:term":[{"taxonomy":"product_brand","embeddable":true,"href":"https:\/\/ifoffice.pt\/index.php?rest_route=%2Fwp%2Fv2%2Fproduct_brand&post=88664"},{"taxonomy":"product_cat","embeddable":true,"href":"https:\/\/ifoffice.pt\/index.php?rest_route=%2Fwp%2Fv2%2Fproduct_cat&post=88664"},{"taxonomy":"product_tag","embeddable":true,"href":"https:\/\/ifoffice.pt\/index.php?rest_route=%2Fwp%2Fv2%2Fproduct_tag&post=88664"}],"curies":[{"name":"wp","href":"https:\/\/api.w.org\/{rel}","templated":true}]}}