{"id":88660,"date":"2021-01-22T21:48:31","date_gmt":"2021-01-22T21:48:31","guid":{"rendered":"https:\/\/ifoffice.pt\/produto\/import-placeholder-for-62779\/"},"modified":"2025-03-12T11:43:50","modified_gmt":"2025-03-12T11:43:50","slug":"estojo-escolar-alpino-duplo-fecho-vermelho-33-pecas","status":"publish","type":"product","link":"https:\/\/ifoffice.pt\/?product=estojo-escolar-alpino-duplo-fecho-vermelho-33-pecas","title":{"rendered":"Estojo escolar alpino duplo fecho vermelho 33 pecas"},"content":{"rendered":"<p>Estojo fabricado en tela com duplo fecho. Tamanho pequeno. Cont\u00e9m: 12 L\u00e1pis de cor, 10 marcadores, 1 l\u00e1pis de grafite, 2 esferogr\u00e1ficas (azul e vermelho), 1 borracha, 1 apara l\u00e1pis, 1 tesouras, 4 r\u00e9guas e 1 compasso. Cor vermelho.<\/p>\n","protected":false},"excerpt":{"rendered":"<p>Estojo escolar alpino duplo fecho vermelho 33 pecas<\/p>\n","protected":false},"featured_media":121566,"comment_status":"closed","ping_status":"closed","template":"","meta":{"neve_meta_sidebar":"","neve_meta_container":"","neve_meta_enable_content_width":"off","neve_meta_content_width":0,"neve_meta_title_alignment":"","neve_meta_author_avatar":"","neve_post_elements_order":"","neve_meta_disable_header":"","neve_meta_disable_footer":"","neve_meta_disable_title":""},"product_brand":[],"product_cat":[1856],"product_tag":[1556],"class_list":{"0":"post-88660","1":"product","2":"type-product","3":"status-publish","4":"has-post-thumbnail","6":"product_cat-lapis-de-cor","7":"product_tag-plumier","9":"first","10":"outofstock","11":"taxable","12":"shipping-taxable","13":"purchasable","14":"product-type-simple"},"_links":{"self":[{"href":"https:\/\/ifoffice.pt\/index.php?rest_route=\/wp\/v2\/product\/88660","targetHints":{"allow":["GET"]}}],"collection":[{"href":"https:\/\/ifoffice.pt\/index.php?rest_route=\/wp\/v2\/product"}],"about":[{"href":"https:\/\/ifoffice.pt\/index.php?rest_route=\/wp\/v2\/types\/product"}],"replies":[{"embeddable":true,"href":"https:\/\/ifoffice.pt\/index.php?rest_route=%2Fwp%2Fv2%2Fcomments&post=88660"}],"wp:featuredmedia":[{"embeddable":true,"href":"https:\/\/ifoffice.pt\/index.php?rest_route=\/wp\/v2\/media\/121566"}],"wp:attachment":[{"href":"https:\/\/ifoffice.pt\/index.php?rest_route=%2Fwp%2Fv2%2Fmedia&parent=88660"}],"wp:term":[{"taxonomy":"product_brand","embeddable":true,"href":"https:\/\/ifoffice.pt\/index.php?rest_route=%2Fwp%2Fv2%2Fproduct_brand&post=88660"},{"taxonomy":"product_cat","embeddable":true,"href":"https:\/\/ifoffice.pt\/index.php?rest_route=%2Fwp%2Fv2%2Fproduct_cat&post=88660"},{"taxonomy":"product_tag","embeddable":true,"href":"https:\/\/ifoffice.pt\/index.php?rest_route=%2Fwp%2Fv2%2Fproduct_tag&post=88660"}],"curies":[{"name":"wp","href":"https:\/\/api.w.org\/{rel}","templated":true}]}}