{"id":88595,"date":"2021-01-22T21:48:06","date_gmt":"2021-01-22T21:48:06","guid":{"rendered":"https:\/\/ifoffice.pt\/produto\/import-placeholder-for-62845\/"},"modified":"2026-02-23T13:21:00","modified_gmt":"2026-02-23T13:21:00","slug":"pasta-para-modelar-sio-2-cinza-pack-de-5-kg","status":"publish","type":"product","link":"https:\/\/ifoffice.pt\/?product=pasta-para-modelar-sio-2-cinza-pack-de-5-kg","title":{"rendered":"Pasta para modelar sio-2 cinza pack de 5 kg"},"content":{"rendered":"<p>Pasta de gr\u00e9s para escultura e modelado de plasticidade excelente, ideal  para escultura e modelagem. Cont\u00e9m 40% de chamota fina, que confere  car\u00e1cter \u00e0 pe\u00e7a cer\u00e2mica e lhe proporciona um excelente comportamento  durante a secagem e a cozedura. A cor branco marfim em cozedura (1240-  1300\u00baC) \u00e9 muito apreciada e proporciona um excelente desenvolvimento  da cor em esmaltes e \u00f3xidos corantes. 5 kg.<\/p>\n","protected":false},"excerpt":{"rendered":"<p>Pasta para modelar sio-2 cinza pack de 5 kg<\/p>\n","protected":false},"featured_media":121535,"comment_status":"closed","ping_status":"closed","template":"","meta":{"neve_meta_sidebar":"","neve_meta_container":"","neve_meta_enable_content_width":"off","neve_meta_content_width":0,"neve_meta_title_alignment":"","neve_meta_author_avatar":"","neve_post_elements_order":"","neve_meta_disable_header":"","neve_meta_disable_footer":"","neve_meta_disable_title":""},"product_brand":[],"product_cat":[2814],"product_tag":[919],"class_list":{"0":"post-88595","1":"product","2":"type-product","3":"status-publish","4":"has-post-thumbnail","6":"product_cat-plasticinas-argila-pasta-model","7":"product_tag-pasta-de-modelar","9":"first","10":"instock","11":"taxable","12":"shipping-taxable","13":"purchasable","14":"product-type-simple"},"_links":{"self":[{"href":"https:\/\/ifoffice.pt\/index.php?rest_route=\/wp\/v2\/product\/88595","targetHints":{"allow":["GET"]}}],"collection":[{"href":"https:\/\/ifoffice.pt\/index.php?rest_route=\/wp\/v2\/product"}],"about":[{"href":"https:\/\/ifoffice.pt\/index.php?rest_route=\/wp\/v2\/types\/product"}],"replies":[{"embeddable":true,"href":"https:\/\/ifoffice.pt\/index.php?rest_route=%2Fwp%2Fv2%2Fcomments&post=88595"}],"wp:featuredmedia":[{"embeddable":true,"href":"https:\/\/ifoffice.pt\/index.php?rest_route=\/wp\/v2\/media\/121535"}],"wp:attachment":[{"href":"https:\/\/ifoffice.pt\/index.php?rest_route=%2Fwp%2Fv2%2Fmedia&parent=88595"}],"wp:term":[{"taxonomy":"product_brand","embeddable":true,"href":"https:\/\/ifoffice.pt\/index.php?rest_route=%2Fwp%2Fv2%2Fproduct_brand&post=88595"},{"taxonomy":"product_cat","embeddable":true,"href":"https:\/\/ifoffice.pt\/index.php?rest_route=%2Fwp%2Fv2%2Fproduct_cat&post=88595"},{"taxonomy":"product_tag","embeddable":true,"href":"https:\/\/ifoffice.pt\/index.php?rest_route=%2Fwp%2Fv2%2Fproduct_tag&post=88595"}],"curies":[{"name":"wp","href":"https:\/\/api.w.org\/{rel}","templated":true}]}}