{"id":88593,"date":"2021-01-22T21:48:06","date_gmt":"2021-01-22T21:48:06","guid":{"rendered":"https:\/\/ifoffice.pt\/produto\/import-placeholder-for-62850\/"},"modified":"2026-02-23T13:20:59","modified_gmt":"2026-02-23T13:20:59","slug":"quadro-branco-bi-office-cristal-magnetico-1200x900-mm","status":"publish","type":"product","link":"https:\/\/ifoffice.pt\/?product=quadro-branco-bi-office-cristal-magnetico-1200x900-mm","title":{"rendered":"Quadro branco bi-office cristal magnetico 120&#215;90 cm"},"content":{"rendered":"<p>Superf\u00edcie magn\u00e9tica em vidro temperado de 4 mm de espessura, para maior seguran\u00e7a. Com cantos redondos anti riscos. A melhor superf\u00edcie para apagar em seco, permite a escrita com total suavidade e facilidade. Pode utilizar-se com \u00edmanes e marcadores de giz l\u00edquido e apagar com \u00e1gua. Sem moldura. Bandeja met\u00e1lica e kit de fixa\u00e7\u00e3o f\u00e1cil inclu\u00eddos. O quadro.<\/p>\n","protected":false},"excerpt":{"rendered":"<p>Quadro branco bi-office cristal magnetico 120&#215;90 cm<\/p>\n","protected":false},"featured_media":121531,"comment_status":"closed","ping_status":"closed","template":"","meta":{"neve_meta_sidebar":"","neve_meta_container":"","neve_meta_enable_content_width":"","neve_meta_content_width":0,"neve_meta_title_alignment":"","neve_meta_author_avatar":"","neve_post_elements_order":"","neve_meta_disable_header":"","neve_meta_disable_footer":"","neve_meta_disable_title":""},"product_brand":[],"product_cat":[1863],"product_tag":[1219],"class_list":{"0":"post-88593","1":"product","2":"type-product","3":"status-publish","4":"has-post-thumbnail","6":"product_cat-quadros-brancos","7":"product_tag-branca","9":"first","10":"outofstock","11":"taxable","12":"shipping-taxable","13":"purchasable","14":"product-type-simple"},"_links":{"self":[{"href":"https:\/\/ifoffice.pt\/index.php?rest_route=\/wp\/v2\/product\/88593","targetHints":{"allow":["GET"]}}],"collection":[{"href":"https:\/\/ifoffice.pt\/index.php?rest_route=\/wp\/v2\/product"}],"about":[{"href":"https:\/\/ifoffice.pt\/index.php?rest_route=\/wp\/v2\/types\/product"}],"replies":[{"embeddable":true,"href":"https:\/\/ifoffice.pt\/index.php?rest_route=%2Fwp%2Fv2%2Fcomments&post=88593"}],"wp:featuredmedia":[{"embeddable":true,"href":"https:\/\/ifoffice.pt\/index.php?rest_route=\/wp\/v2\/media\/121531"}],"wp:attachment":[{"href":"https:\/\/ifoffice.pt\/index.php?rest_route=%2Fwp%2Fv2%2Fmedia&parent=88593"}],"wp:term":[{"taxonomy":"product_brand","embeddable":true,"href":"https:\/\/ifoffice.pt\/index.php?rest_route=%2Fwp%2Fv2%2Fproduct_brand&post=88593"},{"taxonomy":"product_cat","embeddable":true,"href":"https:\/\/ifoffice.pt\/index.php?rest_route=%2Fwp%2Fv2%2Fproduct_cat&post=88593"},{"taxonomy":"product_tag","embeddable":true,"href":"https:\/\/ifoffice.pt\/index.php?rest_route=%2Fwp%2Fv2%2Fproduct_tag&post=88593"}],"curies":[{"name":"wp","href":"https:\/\/api.w.org\/{rel}","templated":true}]}}