{"id":88550,"date":"2021-01-22T21:15:27","date_gmt":"2021-01-22T21:15:27","guid":{"rendered":"https:\/\/ifoffice.pt\/produto\/import-placeholder-for-62879\/"},"modified":"2026-02-23T13:20:56","modified_gmt":"2026-02-23T13:20:56","slug":"apanhador-com-cabo-desmontavel","status":"publish","type":"product","link":"https:\/\/ifoffice.pt\/?product=apanhador-com-cabo-desmontavel","title":{"rendered":"Apanhador com cabo desmontavel"},"content":{"rendered":"<p>Apanhador com perfil de borracha. Facilita o uso e adapta-se melhor \u00e0  superf\u00edcie. Cor vermelho. Cabo desmont\u00e1vel que facilita para guardar e  poupa espa\u00e7o. Medidas do apanhador: 280 mm.<\/p>\n","protected":false},"excerpt":{"rendered":"<p>Apanhador com cabo desmontavel<\/p>\n","protected":false},"featured_media":121516,"comment_status":"closed","ping_status":"closed","template":"","meta":{"neve_meta_sidebar":"","neve_meta_container":"","neve_meta_enable_content_width":"","neve_meta_content_width":0,"neve_meta_title_alignment":"","neve_meta_author_avatar":"","neve_post_elements_order":"","neve_meta_disable_header":"","neve_meta_disable_footer":"","neve_meta_disable_title":""},"product_brand":[],"product_cat":[1792],"product_tag":[2308],"class_list":{"0":"post-88550","1":"product","2":"type-product","3":"status-publish","4":"has-post-thumbnail","6":"product_cat-produtos-de-limpeza","7":"product_tag-recogedor","9":"first","10":"instock","11":"taxable","12":"shipping-taxable","13":"purchasable","14":"product-type-simple"},"_links":{"self":[{"href":"https:\/\/ifoffice.pt\/index.php?rest_route=\/wp\/v2\/product\/88550","targetHints":{"allow":["GET"]}}],"collection":[{"href":"https:\/\/ifoffice.pt\/index.php?rest_route=\/wp\/v2\/product"}],"about":[{"href":"https:\/\/ifoffice.pt\/index.php?rest_route=\/wp\/v2\/types\/product"}],"replies":[{"embeddable":true,"href":"https:\/\/ifoffice.pt\/index.php?rest_route=%2Fwp%2Fv2%2Fcomments&post=88550"}],"wp:featuredmedia":[{"embeddable":true,"href":"https:\/\/ifoffice.pt\/index.php?rest_route=\/wp\/v2\/media\/121516"}],"wp:attachment":[{"href":"https:\/\/ifoffice.pt\/index.php?rest_route=%2Fwp%2Fv2%2Fmedia&parent=88550"}],"wp:term":[{"taxonomy":"product_brand","embeddable":true,"href":"https:\/\/ifoffice.pt\/index.php?rest_route=%2Fwp%2Fv2%2Fproduct_brand&post=88550"},{"taxonomy":"product_cat","embeddable":true,"href":"https:\/\/ifoffice.pt\/index.php?rest_route=%2Fwp%2Fv2%2Fproduct_cat&post=88550"},{"taxonomy":"product_tag","embeddable":true,"href":"https:\/\/ifoffice.pt\/index.php?rest_route=%2Fwp%2Fv2%2Fproduct_tag&post=88550"}],"curies":[{"name":"wp","href":"https:\/\/api.w.org\/{rel}","templated":true}]}}