{"id":88549,"date":"2021-01-22T21:15:27","date_gmt":"2021-01-22T21:15:27","guid":{"rendered":"https:\/\/ifoffice.pt\/produto\/import-placeholder-for-62880\/"},"modified":"2026-02-23T13:20:56","modified_gmt":"2026-02-23T13:20:56","slug":"mopa-microfibra-basic-com-cabo-telescopico-rotacao-360ao","status":"publish","type":"product","link":"https:\/\/ifoffice.pt\/?product=mopa-microfibra-basic-com-cabo-telescopico-rotacao-360ao","title":{"rendered":"Mopa microfibra basic com cabo telescopico rotacao 360\u00ba"},"content":{"rendered":"<p>Mopa completa para limpeza, lavagem e elimina\u00e7\u00e3o do p\u00f3 dos solos. Multiusos. Base de microfibra. Cabo telesc\u00f3pico com  casquilho rotativo a 360 graus. Medidas: 1545 x 140 x 70 mm. Recarga de mopa plano fabricado em microfibra. Fun\u00e7\u00e3o 2 em 1:  lava, absorvendo a gordura e elimina o p\u00f3 sem deixar rasto. Medidas: 250 x 140 mm.<\/p>\n","protected":false},"excerpt":{"rendered":"<p>Mopa microfibra basic com cabo telescopico rotacao 360\u00ba<\/p>\n","protected":false},"featured_media":121515,"comment_status":"closed","ping_status":"closed","template":"","meta":{"neve_meta_sidebar":"","neve_meta_container":"","neve_meta_enable_content_width":"off","neve_meta_content_width":0,"neve_meta_title_alignment":"","neve_meta_author_avatar":"","neve_post_elements_order":"","neve_meta_disable_header":"","neve_meta_disable_footer":"","neve_meta_disable_title":""},"product_brand":[],"product_cat":[1792],"product_tag":[2307],"class_list":{"0":"post-88549","1":"product","2":"type-product","3":"status-publish","4":"has-post-thumbnail","6":"product_cat-produtos-de-limpeza","7":"product_tag-mopa","9":"first","10":"instock","11":"taxable","12":"shipping-taxable","13":"purchasable","14":"product-type-simple"},"_links":{"self":[{"href":"https:\/\/ifoffice.pt\/index.php?rest_route=\/wp\/v2\/product\/88549","targetHints":{"allow":["GET"]}}],"collection":[{"href":"https:\/\/ifoffice.pt\/index.php?rest_route=\/wp\/v2\/product"}],"about":[{"href":"https:\/\/ifoffice.pt\/index.php?rest_route=\/wp\/v2\/types\/product"}],"replies":[{"embeddable":true,"href":"https:\/\/ifoffice.pt\/index.php?rest_route=%2Fwp%2Fv2%2Fcomments&post=88549"}],"wp:featuredmedia":[{"embeddable":true,"href":"https:\/\/ifoffice.pt\/index.php?rest_route=\/wp\/v2\/media\/121515"}],"wp:attachment":[{"href":"https:\/\/ifoffice.pt\/index.php?rest_route=%2Fwp%2Fv2%2Fmedia&parent=88549"}],"wp:term":[{"taxonomy":"product_brand","embeddable":true,"href":"https:\/\/ifoffice.pt\/index.php?rest_route=%2Fwp%2Fv2%2Fproduct_brand&post=88549"},{"taxonomy":"product_cat","embeddable":true,"href":"https:\/\/ifoffice.pt\/index.php?rest_route=%2Fwp%2Fv2%2Fproduct_cat&post=88549"},{"taxonomy":"product_tag","embeddable":true,"href":"https:\/\/ifoffice.pt\/index.php?rest_route=%2Fwp%2Fv2%2Fproduct_tag&post=88549"}],"curies":[{"name":"wp","href":"https:\/\/api.w.org\/{rel}","templated":true}]}}