{"id":88545,"date":"2021-01-22T21:15:26","date_gmt":"2021-01-22T21:15:26","guid":{"rendered":"https:\/\/ifoffice.pt\/produto\/import-placeholder-for-62887\/"},"modified":"2026-02-23T13:20:54","modified_gmt":"2026-02-23T13:20:54","slug":"esfregona-microfibra-tiras-azul","status":"publish","type":"product","link":"https:\/\/ifoffice.pt\/?product=esfregona-microfibra-tiras-azul","title":{"rendered":"Esfregona microfibra tiras azul"},"content":{"rendered":"<p>Esfregona com tiras de microfibra desenhadas para  obter maior absor\u00e7\u00e3o e dura\u00e7\u00e3o. Super resistente  Efeito abrilhantador e polimento em todas as  superf\u00edcies. Peso: 163 g.<\/p>\n","protected":false},"excerpt":{"rendered":"<p>Esfregona microfibra tiras azul<\/p>\n","protected":false},"featured_media":132429,"comment_status":"closed","ping_status":"closed","template":"","meta":{"neve_meta_sidebar":"","neve_meta_container":"","neve_meta_enable_content_width":"","neve_meta_content_width":0,"neve_meta_title_alignment":"","neve_meta_author_avatar":"","neve_post_elements_order":"","neve_meta_disable_header":"","neve_meta_disable_footer":"","neve_meta_disable_title":""},"product_brand":[],"product_cat":[1792],"product_tag":[2016],"class_list":{"0":"post-88545","1":"product","2":"type-product","3":"status-publish","4":"has-post-thumbnail","6":"product_cat-produtos-de-limpeza","7":"product_tag-esfregonas","9":"first","10":"instock","11":"taxable","12":"shipping-taxable","13":"purchasable","14":"product-type-simple"},"_links":{"self":[{"href":"https:\/\/ifoffice.pt\/index.php?rest_route=\/wp\/v2\/product\/88545","targetHints":{"allow":["GET"]}}],"collection":[{"href":"https:\/\/ifoffice.pt\/index.php?rest_route=\/wp\/v2\/product"}],"about":[{"href":"https:\/\/ifoffice.pt\/index.php?rest_route=\/wp\/v2\/types\/product"}],"replies":[{"embeddable":true,"href":"https:\/\/ifoffice.pt\/index.php?rest_route=%2Fwp%2Fv2%2Fcomments&post=88545"}],"wp:featuredmedia":[{"embeddable":true,"href":"https:\/\/ifoffice.pt\/index.php?rest_route=\/wp\/v2\/media\/132429"}],"wp:attachment":[{"href":"https:\/\/ifoffice.pt\/index.php?rest_route=%2Fwp%2Fv2%2Fmedia&parent=88545"}],"wp:term":[{"taxonomy":"product_brand","embeddable":true,"href":"https:\/\/ifoffice.pt\/index.php?rest_route=%2Fwp%2Fv2%2Fproduct_brand&post=88545"},{"taxonomy":"product_cat","embeddable":true,"href":"https:\/\/ifoffice.pt\/index.php?rest_route=%2Fwp%2Fv2%2Fproduct_cat&post=88545"},{"taxonomy":"product_tag","embeddable":true,"href":"https:\/\/ifoffice.pt\/index.php?rest_route=%2Fwp%2Fv2%2Fproduct_tag&post=88545"}],"curies":[{"name":"wp","href":"https:\/\/api.w.org\/{rel}","templated":true}]}}