{"id":88544,"date":"2021-01-22T21:15:26","date_gmt":"2021-01-22T21:15:26","guid":{"rendered":"https:\/\/ifoffice.pt\/produto\/import-placeholder-for-62888\/"},"modified":"2026-02-23T13:20:54","modified_gmt":"2026-02-23T13:20:54","slug":"pano-multiuso-36x40-cm-pack-de-9-unidades","status":"publish","type":"product","link":"https:\/\/ifoffice.pt\/?product=pano-multiuso-36x40-cm-pack-de-9-unidades","title":{"rendered":"Pano multiuso 36&#215;40 cm pack de 9 unidades"},"content":{"rendered":"<p>Pano amarelo sint\u00e9tico muito suave e delicado com todas as superf\u00edcies.  Indicado para a limpeza di\u00e1ria do lar. Medidas: 360 x 400 mm.  Pack de 9 unidades.<\/p>\n","protected":false},"excerpt":{"rendered":"<p>Pano multiuso 36&#215;40 cm pack de 9 unidades<\/p>\n","protected":false},"featured_media":132665,"comment_status":"closed","ping_status":"closed","template":"","meta":{"neve_meta_sidebar":"","neve_meta_container":"","neve_meta_enable_content_width":"off","neve_meta_content_width":0,"neve_meta_title_alignment":"","neve_meta_author_avatar":"","neve_post_elements_order":"","neve_meta_disable_header":"","neve_meta_disable_footer":"","neve_meta_disable_title":""},"product_brand":[],"product_cat":[1792],"product_tag":[2305],"class_list":{"0":"post-88544","1":"product","2":"type-product","3":"status-publish","4":"has-post-thumbnail","6":"product_cat-produtos-de-limpeza","7":"product_tag-panos-de-limpeza","9":"first","10":"instock","11":"taxable","12":"shipping-taxable","13":"purchasable","14":"product-type-simple"},"_links":{"self":[{"href":"https:\/\/ifoffice.pt\/index.php?rest_route=\/wp\/v2\/product\/88544","targetHints":{"allow":["GET"]}}],"collection":[{"href":"https:\/\/ifoffice.pt\/index.php?rest_route=\/wp\/v2\/product"}],"about":[{"href":"https:\/\/ifoffice.pt\/index.php?rest_route=\/wp\/v2\/types\/product"}],"replies":[{"embeddable":true,"href":"https:\/\/ifoffice.pt\/index.php?rest_route=%2Fwp%2Fv2%2Fcomments&post=88544"}],"wp:featuredmedia":[{"embeddable":true,"href":"https:\/\/ifoffice.pt\/index.php?rest_route=\/wp\/v2\/media\/132665"}],"wp:attachment":[{"href":"https:\/\/ifoffice.pt\/index.php?rest_route=%2Fwp%2Fv2%2Fmedia&parent=88544"}],"wp:term":[{"taxonomy":"product_brand","embeddable":true,"href":"https:\/\/ifoffice.pt\/index.php?rest_route=%2Fwp%2Fv2%2Fproduct_brand&post=88544"},{"taxonomy":"product_cat","embeddable":true,"href":"https:\/\/ifoffice.pt\/index.php?rest_route=%2Fwp%2Fv2%2Fproduct_cat&post=88544"},{"taxonomy":"product_tag","embeddable":true,"href":"https:\/\/ifoffice.pt\/index.php?rest_route=%2Fwp%2Fv2%2Fproduct_tag&post=88544"}],"curies":[{"name":"wp","href":"https:\/\/api.w.org\/{rel}","templated":true}]}}