{"id":88540,"date":"2021-01-22T21:15:25","date_gmt":"2021-01-22T21:15:25","guid":{"rendered":"https:\/\/ifoffice.pt\/produto\/import-placeholder-for-62892\/"},"modified":"2026-02-23T13:20:54","modified_gmt":"2026-02-23T13:20:54","slug":"esfregao-de-esponja-azul-bicapa-pack-de-3-unidades","status":"publish","type":"product","link":"https:\/\/ifoffice.pt\/?product=esfregao-de-esponja-azul-bicapa-pack-de-3-unidades","title":{"rendered":"Esfregao de esponja azul bicapa pack de 3 unidades"},"content":{"rendered":"<p>Esfreg\u00e3o que protege as m\u00e3os e unhas ao lavar. N\u00e3o risca.  Limpeza mais eficaz, r\u00e1pida e c\u00f3moda sem danificar. Ideal  para superf\u00edcies vitrocer\u00e2micas, anti aderentes e em geral  aquelas superf\u00edcies e materiais que precisam de mais  cuidado. Pack de 3 unidades.<\/p>\n","protected":false},"excerpt":{"rendered":"<p>Esfregao de esponja azul bicapa pack de 3 unidades<\/p>\n","protected":false},"featured_media":133097,"comment_status":"closed","ping_status":"closed","template":"","meta":{"neve_meta_sidebar":"","neve_meta_container":"","neve_meta_enable_content_width":"off","neve_meta_content_width":0,"neve_meta_title_alignment":"","neve_meta_author_avatar":"","neve_post_elements_order":"","neve_meta_disable_header":"","neve_meta_disable_footer":"","neve_meta_disable_title":""},"product_brand":[],"product_cat":[1792],"product_tag":[2304],"class_list":{"0":"post-88540","1":"product","2":"type-product","3":"status-publish","4":"has-post-thumbnail","6":"product_cat-produtos-de-limpeza","7":"product_tag-esfregao","9":"first","10":"instock","11":"taxable","12":"shipping-taxable","13":"purchasable","14":"product-type-simple"},"_links":{"self":[{"href":"https:\/\/ifoffice.pt\/index.php?rest_route=\/wp\/v2\/product\/88540","targetHints":{"allow":["GET"]}}],"collection":[{"href":"https:\/\/ifoffice.pt\/index.php?rest_route=\/wp\/v2\/product"}],"about":[{"href":"https:\/\/ifoffice.pt\/index.php?rest_route=\/wp\/v2\/types\/product"}],"replies":[{"embeddable":true,"href":"https:\/\/ifoffice.pt\/index.php?rest_route=%2Fwp%2Fv2%2Fcomments&post=88540"}],"wp:featuredmedia":[{"embeddable":true,"href":"https:\/\/ifoffice.pt\/index.php?rest_route=\/wp\/v2\/media\/133097"}],"wp:attachment":[{"href":"https:\/\/ifoffice.pt\/index.php?rest_route=%2Fwp%2Fv2%2Fmedia&parent=88540"}],"wp:term":[{"taxonomy":"product_brand","embeddable":true,"href":"https:\/\/ifoffice.pt\/index.php?rest_route=%2Fwp%2Fv2%2Fproduct_brand&post=88540"},{"taxonomy":"product_cat","embeddable":true,"href":"https:\/\/ifoffice.pt\/index.php?rest_route=%2Fwp%2Fv2%2Fproduct_cat&post=88540"},{"taxonomy":"product_tag","embeddable":true,"href":"https:\/\/ifoffice.pt\/index.php?rest_route=%2Fwp%2Fv2%2Fproduct_tag&post=88540"}],"curies":[{"name":"wp","href":"https:\/\/api.w.org\/{rel}","templated":true}]}}