{"id":88320,"date":"2021-01-22T21:13:51","date_gmt":"2021-01-22T21:13:51","guid":{"rendered":"https:\/\/ifoffice.pt\/produto\/import-placeholder-for-63162\/"},"modified":"2026-02-23T13:20:38","modified_gmt":"2026-02-23T13:20:38","slug":"pintura-acrilica-lb-brilho-azul-primario-boiao-de-250-ml","status":"publish","type":"product","link":"https:\/\/ifoffice.pt\/?product=pintura-acrilica-lb-brilho-azul-primario-boiao-de-250-ml","title":{"rendered":"Pintura acrilica l&#038;b brilho azul primario boiao de 250 ml"},"content":{"rendered":"<p>Acr\u00edlico brilhante Pintura acr\u00edlica com um acabamento natural e brilhante de \u00f3ptima qualidade. Caracteriza-se pela alta concentra\u00e7\u00e3o de cor e poder de  cobertura. Leve e fluida. Pronta para usar. Seca em 30 minutos. Uso sobre m\u00faltiplas superf\u00edcies como papel, cart\u00e3o, madeira, gesso, vidro, metal, pl\u00e1stico&#8230;  Frascos de 250 ml.<\/p>\n","protected":false},"excerpt":{"rendered":"<p>Pintura acrilica l&#038;b brilho azul primario boiao de 250 ml<\/p>\n","protected":false},"featured_media":121413,"comment_status":"closed","ping_status":"closed","template":"","meta":{"neve_meta_sidebar":"","neve_meta_container":"","neve_meta_enable_content_width":"off","neve_meta_content_width":0,"neve_meta_title_alignment":"","neve_meta_author_avatar":"","neve_post_elements_order":"","neve_meta_disable_header":"","neve_meta_disable_footer":"","neve_meta_disable_title":""},"product_brand":[],"product_cat":[1910],"product_tag":[2298],"class_list":{"0":"post-88320","1":"product","2":"type-product","3":"status-publish","4":"has-post-thumbnail","6":"product_cat-pinturas","7":"product_tag-pinturas","9":"first","10":"instock","11":"taxable","12":"shipping-taxable","13":"purchasable","14":"product-type-simple"},"_links":{"self":[{"href":"https:\/\/ifoffice.pt\/index.php?rest_route=\/wp\/v2\/product\/88320","targetHints":{"allow":["GET"]}}],"collection":[{"href":"https:\/\/ifoffice.pt\/index.php?rest_route=\/wp\/v2\/product"}],"about":[{"href":"https:\/\/ifoffice.pt\/index.php?rest_route=\/wp\/v2\/types\/product"}],"replies":[{"embeddable":true,"href":"https:\/\/ifoffice.pt\/index.php?rest_route=%2Fwp%2Fv2%2Fcomments&post=88320"}],"wp:featuredmedia":[{"embeddable":true,"href":"https:\/\/ifoffice.pt\/index.php?rest_route=\/wp\/v2\/media\/121413"}],"wp:attachment":[{"href":"https:\/\/ifoffice.pt\/index.php?rest_route=%2Fwp%2Fv2%2Fmedia&parent=88320"}],"wp:term":[{"taxonomy":"product_brand","embeddable":true,"href":"https:\/\/ifoffice.pt\/index.php?rest_route=%2Fwp%2Fv2%2Fproduct_brand&post=88320"},{"taxonomy":"product_cat","embeddable":true,"href":"https:\/\/ifoffice.pt\/index.php?rest_route=%2Fwp%2Fv2%2Fproduct_cat&post=88320"},{"taxonomy":"product_tag","embeddable":true,"href":"https:\/\/ifoffice.pt\/index.php?rest_route=%2Fwp%2Fv2%2Fproduct_tag&post=88320"}],"curies":[{"name":"wp","href":"https:\/\/api.w.org\/{rel}","templated":true}]}}