{"id":88307,"date":"2021-01-22T21:13:49","date_gmt":"2021-01-22T21:13:49","guid":{"rendered":"https:\/\/ifoffice.pt\/produto\/import-placeholder-for-63197\/"},"modified":"2025-05-16T15:00:56","modified_gmt":"2025-05-16T15:00:56","slug":"porta-revistas-cep-plastico-uso-vertical-horizontal-azul-85x270x310-mm","status":"publish","type":"product","link":"https:\/\/ifoffice.pt\/?product=porta-revistas-cep-plastico-uso-vertical-horizontal-azul-85x270x310-mm","title":{"rendered":"Porta revistas cep plastico uso vertical \/ horizontal azul 85x270x310 mm"},"content":{"rendered":"<p>Fabricado em poliestireno recicl\u00e1vel \u00e0 prova de choques. Com uma linha din\u00e2mica e elegante, destaca-se pelo contraste do acabamento mate e brilhante. Vers\u00e1til, permite arquivar at\u00e9 um tamanho de 24 x 32 cm, vertical ou horizontalmente. Tirador ergon\u00f3mico de 2 cm. com lombada de 8,5 cm. Medidas: 270 x 85 x 310 mm.<\/p>\n","protected":false},"excerpt":{"rendered":"<p>Porta revistas cep plastico uso vertical \/ horizontal azul 85x270x310 mm<\/p>\n","protected":false},"featured_media":121405,"comment_status":"closed","ping_status":"closed","template":"","meta":{"neve_meta_sidebar":"","neve_meta_container":"","neve_meta_enable_content_width":"off","neve_meta_content_width":0,"neve_meta_title_alignment":"","neve_meta_author_avatar":"","neve_post_elements_order":"","neve_meta_disable_header":"","neve_meta_disable_footer":"","neve_meta_disable_title":""},"product_brand":[],"product_cat":[1833],"product_tag":[2297],"class_list":{"0":"post-88307","1":"product","2":"type-product","3":"status-publish","4":"has-post-thumbnail","6":"product_cat-caixas-de-arquivo","7":"product_tag-revistero","9":"first","10":"instock","11":"taxable","12":"shipping-taxable","13":"purchasable","14":"product-type-variable","15":"has-default-attributes"},"_links":{"self":[{"href":"https:\/\/ifoffice.pt\/index.php?rest_route=\/wp\/v2\/product\/88307","targetHints":{"allow":["GET"]}}],"collection":[{"href":"https:\/\/ifoffice.pt\/index.php?rest_route=\/wp\/v2\/product"}],"about":[{"href":"https:\/\/ifoffice.pt\/index.php?rest_route=\/wp\/v2\/types\/product"}],"replies":[{"embeddable":true,"href":"https:\/\/ifoffice.pt\/index.php?rest_route=%2Fwp%2Fv2%2Fcomments&post=88307"}],"wp:featuredmedia":[{"embeddable":true,"href":"https:\/\/ifoffice.pt\/index.php?rest_route=\/wp\/v2\/media\/121405"}],"wp:attachment":[{"href":"https:\/\/ifoffice.pt\/index.php?rest_route=%2Fwp%2Fv2%2Fmedia&parent=88307"}],"wp:term":[{"taxonomy":"product_brand","embeddable":true,"href":"https:\/\/ifoffice.pt\/index.php?rest_route=%2Fwp%2Fv2%2Fproduct_brand&post=88307"},{"taxonomy":"product_cat","embeddable":true,"href":"https:\/\/ifoffice.pt\/index.php?rest_route=%2Fwp%2Fv2%2Fproduct_cat&post=88307"},{"taxonomy":"product_tag","embeddable":true,"href":"https:\/\/ifoffice.pt\/index.php?rest_route=%2Fwp%2Fv2%2Fproduct_tag&post=88307"}],"curies":[{"name":"wp","href":"https:\/\/api.w.org\/{rel}","templated":true}]}}