{"id":88252,"date":"2021-01-22T21:13:27","date_gmt":"2021-01-22T21:13:27","guid":{"rendered":"https:\/\/ifoffice.pt\/produto\/import-placeholder-for-63234\/"},"modified":"2026-02-23T13:20:34","modified_gmt":"2026-02-23T13:20:34","slug":"bloco-de-papel-vegetal-liderpapel-750mmx20m-90-gr-em-rolo","status":"publish","type":"product","link":"https:\/\/ifoffice.pt\/?product=bloco-de-papel-vegetal-liderpapel-750mmx20m-90-gr-em-rolo","title":{"rendered":"Bloco de papel vegetal liderpapel 750mmx20m 90 gr em rolo"},"content":{"rendered":"<p>Papel vegetal de elevada transpar\u00eancia e superf\u00edcie regular e acetinada. Papel ideal para calcar desenho a l\u00e1pis ou tinta. Apresenta\u00e7\u00e3o em rolo.<\/p>\n","protected":false},"excerpt":{"rendered":"<p>Bloco de papel vegetal liderpapel 750mmx20m 90 gr em rolo<\/p>\n","protected":false},"featured_media":121383,"comment_status":"closed","ping_status":"closed","template":"","meta":{"neve_meta_sidebar":"","neve_meta_container":"","neve_meta_enable_content_width":"off","neve_meta_content_width":0,"neve_meta_title_alignment":"","neve_meta_author_avatar":"","neve_post_elements_order":"","neve_meta_disable_header":"","neve_meta_disable_footer":"","neve_meta_disable_title":""},"product_brand":[],"product_cat":[1949],"product_tag":[2003],"class_list":{"0":"post-88252","1":"product","2":"type-product","3":"status-publish","4":"has-post-thumbnail","6":"product_cat-papel-e-laminas-de-desenho","7":"product_tag-vegetal","9":"first","10":"instock","11":"taxable","12":"shipping-taxable","13":"purchasable","14":"product-type-simple"},"_links":{"self":[{"href":"https:\/\/ifoffice.pt\/index.php?rest_route=\/wp\/v2\/product\/88252","targetHints":{"allow":["GET"]}}],"collection":[{"href":"https:\/\/ifoffice.pt\/index.php?rest_route=\/wp\/v2\/product"}],"about":[{"href":"https:\/\/ifoffice.pt\/index.php?rest_route=\/wp\/v2\/types\/product"}],"replies":[{"embeddable":true,"href":"https:\/\/ifoffice.pt\/index.php?rest_route=%2Fwp%2Fv2%2Fcomments&post=88252"}],"wp:featuredmedia":[{"embeddable":true,"href":"https:\/\/ifoffice.pt\/index.php?rest_route=\/wp\/v2\/media\/121383"}],"wp:attachment":[{"href":"https:\/\/ifoffice.pt\/index.php?rest_route=%2Fwp%2Fv2%2Fmedia&parent=88252"}],"wp:term":[{"taxonomy":"product_brand","embeddable":true,"href":"https:\/\/ifoffice.pt\/index.php?rest_route=%2Fwp%2Fv2%2Fproduct_brand&post=88252"},{"taxonomy":"product_cat","embeddable":true,"href":"https:\/\/ifoffice.pt\/index.php?rest_route=%2Fwp%2Fv2%2Fproduct_cat&post=88252"},{"taxonomy":"product_tag","embeddable":true,"href":"https:\/\/ifoffice.pt\/index.php?rest_route=%2Fwp%2Fv2%2Fproduct_tag&post=88252"}],"curies":[{"name":"wp","href":"https:\/\/api.w.org\/{rel}","templated":true}]}}