{"id":87900,"date":"2021-01-22T21:11:03","date_gmt":"2021-01-22T21:11:03","guid":{"rendered":"https:\/\/ifoffice.pt\/produto\/import-placeholder-for-63515\/"},"modified":"2025-03-12T11:42:14","modified_gmt":"2025-03-12T11:42:14","slug":"roller-pelikan-souveraen-stresemann-r805-preto-cinza-com-prata","status":"publish","type":"product","link":"https:\/\/ifoffice.pt\/?product=roller-pelikan-souveraen-stresemann-r805-preto-cinza-com-prata","title":{"rendered":"Roller pelikan souveraen stresemann r805 preto\/cinza com prata"},"content":{"rendered":"<p>Para reconhecer e homenagear oficialmente esta lenda, a Pelikan escolheu o nome &#8220;Stresemann&#8221; para o mais recente membro da colec\u00e7\u00e3o padr\u00e3o, a Souver\u00e4n com elegantes riscas em antracite. O corpo com riscas antracite \u00e9 fabricado em acetato de celulose. Para as partes pretas torneadas, utilizou-se resina de alta qualidade. O clip e os an\u00e9is est\u00e3o banhados em paladio. O aparo \u00e9 de ouro branco de 14 quilates, para que coincida com o brilho de prata.<\/p>\n","protected":false},"excerpt":{"rendered":"<p>Roller pelikan souveraen stresemann r805 preto\/cinza com prata<\/p>\n","protected":false},"featured_media":121217,"comment_status":"closed","ping_status":"closed","template":"","meta":{"neve_meta_sidebar":"","neve_meta_container":"","neve_meta_enable_content_width":"","neve_meta_content_width":0,"neve_meta_title_alignment":"","neve_meta_author_avatar":"","neve_post_elements_order":"","neve_meta_disable_header":"","neve_meta_disable_footer":"","neve_meta_disable_title":""},"product_brand":[],"product_cat":[1767],"product_tag":[1464],"class_list":{"0":"post-87900","1":"product","2":"type-product","3":"status-publish","4":"has-post-thumbnail","6":"product_cat-marcadores-roller","7":"product_tag-pelikan","9":"first","10":"outofstock","11":"taxable","12":"shipping-taxable","13":"purchasable","14":"product-type-simple"},"_links":{"self":[{"href":"https:\/\/ifoffice.pt\/index.php?rest_route=\/wp\/v2\/product\/87900","targetHints":{"allow":["GET"]}}],"collection":[{"href":"https:\/\/ifoffice.pt\/index.php?rest_route=\/wp\/v2\/product"}],"about":[{"href":"https:\/\/ifoffice.pt\/index.php?rest_route=\/wp\/v2\/types\/product"}],"replies":[{"embeddable":true,"href":"https:\/\/ifoffice.pt\/index.php?rest_route=%2Fwp%2Fv2%2Fcomments&post=87900"}],"wp:featuredmedia":[{"embeddable":true,"href":"https:\/\/ifoffice.pt\/index.php?rest_route=\/wp\/v2\/media\/121217"}],"wp:attachment":[{"href":"https:\/\/ifoffice.pt\/index.php?rest_route=%2Fwp%2Fv2%2Fmedia&parent=87900"}],"wp:term":[{"taxonomy":"product_brand","embeddable":true,"href":"https:\/\/ifoffice.pt\/index.php?rest_route=%2Fwp%2Fv2%2Fproduct_brand&post=87900"},{"taxonomy":"product_cat","embeddable":true,"href":"https:\/\/ifoffice.pt\/index.php?rest_route=%2Fwp%2Fv2%2Fproduct_cat&post=87900"},{"taxonomy":"product_tag","embeddable":true,"href":"https:\/\/ifoffice.pt\/index.php?rest_route=%2Fwp%2Fv2%2Fproduct_tag&post=87900"}],"curies":[{"name":"wp","href":"https:\/\/api.w.org\/{rel}","templated":true}]}}