{"id":87891,"date":"2021-01-22T21:11:02","date_gmt":"2021-01-22T21:11:02","guid":{"rendered":"https:\/\/ifoffice.pt\/produto\/import-placeholder-for-63524\/"},"modified":"2025-03-12T11:42:12","modified_gmt":"2025-03-12T11:42:12","slug":"roller-pelikan-souveraen-r405-preto-com-prata","status":"publish","type":"product","link":"https:\/\/ifoffice.pt\/?product=roller-pelikan-souveraen-r405-preto-com-prata","title":{"rendered":"Roller pelikan souveraen r405 preto com prata"},"content":{"rendered":"<p>Materiais e acabamentos de alta qualidade. Clip de bico de pelikano banhado a prata. Aparo em ouro branco de 14 quilates com aplica\u00e7\u00e3o decorativa de r\u00f3dio. Mecanismo cl\u00e1ssico de \u00eambolo no caso da caneta e rotativo no caso da esferogr\u00e1fica.<\/p>\n","protected":false},"excerpt":{"rendered":"<p>Roller pelikan souveraen r405 preto com prata<\/p>\n","protected":false},"featured_media":121211,"comment_status":"closed","ping_status":"closed","template":"","meta":{"neve_meta_sidebar":"","neve_meta_container":"","neve_meta_enable_content_width":"off","neve_meta_content_width":0,"neve_meta_title_alignment":"","neve_meta_author_avatar":"","neve_post_elements_order":"","neve_meta_disable_header":"","neve_meta_disable_footer":"","neve_meta_disable_title":""},"product_brand":[],"product_cat":[1767],"product_tag":[1437],"class_list":{"0":"post-87891","1":"product","2":"type-product","3":"status-publish","4":"has-post-thumbnail","6":"product_cat-marcadores-roller","7":"product_tag-rollers","9":"first","10":"outofstock","11":"taxable","12":"shipping-taxable","13":"purchasable","14":"product-type-simple"},"_links":{"self":[{"href":"https:\/\/ifoffice.pt\/index.php?rest_route=\/wp\/v2\/product\/87891","targetHints":{"allow":["GET"]}}],"collection":[{"href":"https:\/\/ifoffice.pt\/index.php?rest_route=\/wp\/v2\/product"}],"about":[{"href":"https:\/\/ifoffice.pt\/index.php?rest_route=\/wp\/v2\/types\/product"}],"replies":[{"embeddable":true,"href":"https:\/\/ifoffice.pt\/index.php?rest_route=%2Fwp%2Fv2%2Fcomments&post=87891"}],"wp:featuredmedia":[{"embeddable":true,"href":"https:\/\/ifoffice.pt\/index.php?rest_route=\/wp\/v2\/media\/121211"}],"wp:attachment":[{"href":"https:\/\/ifoffice.pt\/index.php?rest_route=%2Fwp%2Fv2%2Fmedia&parent=87891"}],"wp:term":[{"taxonomy":"product_brand","embeddable":true,"href":"https:\/\/ifoffice.pt\/index.php?rest_route=%2Fwp%2Fv2%2Fproduct_brand&post=87891"},{"taxonomy":"product_cat","embeddable":true,"href":"https:\/\/ifoffice.pt\/index.php?rest_route=%2Fwp%2Fv2%2Fproduct_cat&post=87891"},{"taxonomy":"product_tag","embeddable":true,"href":"https:\/\/ifoffice.pt\/index.php?rest_route=%2Fwp%2Fv2%2Fproduct_tag&post=87891"}],"curies":[{"name":"wp","href":"https:\/\/api.w.org\/{rel}","templated":true}]}}