{"id":87863,"date":"2021-01-22T21:10:43","date_gmt":"2021-01-22T21:10:43","guid":{"rendered":"https:\/\/ifoffice.pt\/produto\/import-placeholder-for-63536\/"},"modified":"2025-03-12T11:42:12","modified_gmt":"2025-03-12T11:42:12","slug":"caneta-pelikan-p205-mecanismo-cartucho-preto-aparo-ef","status":"publish","type":"product","link":"https:\/\/ifoffice.pt\/?product=caneta-pelikan-p205-mecanismo-cartucho-preto-aparo-ef","title":{"rendered":"Caneta pelikan p205 mecanismo cartucho preto aparo ef"},"content":{"rendered":"<p>Caneta de a\u00e7o inoxid\u00e1vel polido extremamente elegante. O aparo da caneta \u00e9 de a\u00e7o inoxid\u00e1vel. Cor preto e prata. Utiliza cartucho de tinta. C\u00e2mara de 1,4 ml. Cor preto e prata. Medidas do estojo: 19,8 x 8,8 x 5,5 cm.<\/p>\n","protected":false},"excerpt":{"rendered":"<p>Caneta pelikan p205 mecanismo cartucho preto aparo ef<\/p>\n","protected":false},"featured_media":87889,"comment_status":"closed","ping_status":"closed","template":"","meta":{"neve_meta_sidebar":"","neve_meta_container":"","neve_meta_enable_content_width":"","neve_meta_content_width":0,"neve_meta_title_alignment":"","neve_meta_author_avatar":"","neve_post_elements_order":"","neve_meta_disable_header":"","neve_meta_disable_footer":"","neve_meta_disable_title":""},"product_brand":[],"product_cat":[1847],"product_tag":[963],"class_list":{"0":"post-87863","1":"product","2":"type-product","3":"status-publish","4":"has-post-thumbnail","6":"product_cat-estojo-outras-marcas","7":"product_tag-caneta","9":"first","10":"outofstock","11":"taxable","12":"shipping-taxable","13":"purchasable","14":"product-type-simple"},"_links":{"self":[{"href":"https:\/\/ifoffice.pt\/index.php?rest_route=\/wp\/v2\/product\/87863","targetHints":{"allow":["GET"]}}],"collection":[{"href":"https:\/\/ifoffice.pt\/index.php?rest_route=\/wp\/v2\/product"}],"about":[{"href":"https:\/\/ifoffice.pt\/index.php?rest_route=\/wp\/v2\/types\/product"}],"replies":[{"embeddable":true,"href":"https:\/\/ifoffice.pt\/index.php?rest_route=%2Fwp%2Fv2%2Fcomments&post=87863"}],"wp:featuredmedia":[{"embeddable":true,"href":"https:\/\/ifoffice.pt\/index.php?rest_route=\/wp\/v2\/media\/87889"}],"wp:attachment":[{"href":"https:\/\/ifoffice.pt\/index.php?rest_route=%2Fwp%2Fv2%2Fmedia&parent=87863"}],"wp:term":[{"taxonomy":"product_brand","embeddable":true,"href":"https:\/\/ifoffice.pt\/index.php?rest_route=%2Fwp%2Fv2%2Fproduct_brand&post=87863"},{"taxonomy":"product_cat","embeddable":true,"href":"https:\/\/ifoffice.pt\/index.php?rest_route=%2Fwp%2Fv2%2Fproduct_cat&post=87863"},{"taxonomy":"product_tag","embeddable":true,"href":"https:\/\/ifoffice.pt\/index.php?rest_route=%2Fwp%2Fv2%2Fproduct_tag&post=87863"}],"curies":[{"name":"wp","href":"https:\/\/api.w.org\/{rel}","templated":true}]}}