{"id":87846,"date":"2021-01-22T21:10:41","date_gmt":"2021-01-22T21:10:41","guid":{"rendered":"https:\/\/ifoffice.pt\/produto\/import-placeholder-for-63610\/"},"modified":"2025-03-12T11:42:09","modified_gmt":"2025-03-12T11:42:09","slug":"detetor-e-contador-de-notas-falsas-q-connect-profissional-avancado","status":"publish","type":"product","link":"https:\/\/ifoffice.pt\/?product=detetor-e-contador-de-notas-falsas-q-connect-profissional-avancado","title":{"rendered":"Detetor e contador de notas falsas q-connect profissional avancado"},"content":{"rendered":"<p>Dete\u00e7\u00e3o magn\u00e9tica, fibra metal (s\u00f3 para Euros), ultravioleta e infravermelhos. Senaliza\u00e7\u00e3o boa\/m\u00e1. Contagem autom\u00e1tica, contagem por lotes. Apto para Euro, D\u00f3lar, Libras Esterlinas e moedas local dispon\u00edvel. Inicio autom\u00e1tico, limpa os dados anteriores, e fun\u00e7\u00f5es de mem\u00f3ria. Velocidade: 1000 notas por minuto. Empilha ma\u00e7os de 200 notas. Alimenta\u00e7\u00e3o: 220v\/ 50Hz. Certificado CE.  Medidas: 311 x 261 x 195 mm. Peso: 8 kg.<\/p>\n","protected":false},"excerpt":{"rendered":"<p>Detetor e contador de notas falsas q-connect profissional avancado<\/p>\n","protected":false},"featured_media":131194,"comment_status":"closed","ping_status":"closed","template":"","meta":{"neve_meta_sidebar":"","neve_meta_container":"","neve_meta_enable_content_width":"off","neve_meta_content_width":70,"neve_meta_title_alignment":"","neve_meta_author_avatar":"","neve_post_elements_order":"","neve_meta_disable_header":"","neve_meta_disable_footer":"","neve_meta_disable_title":""},"product_brand":[],"product_cat":[1862],"product_tag":[1141],"class_list":{"0":"post-87846","1":"product","2":"type-product","3":"status-publish","4":"has-post-thumbnail","6":"product_cat-detector-de-notas-falsas","7":"product_tag-detector-de-billetes","9":"first","10":"outofstock","11":"sale","12":"taxable","13":"shipping-taxable","14":"purchasable","15":"product-type-simple"},"_links":{"self":[{"href":"https:\/\/ifoffice.pt\/index.php?rest_route=\/wp\/v2\/product\/87846","targetHints":{"allow":["GET"]}}],"collection":[{"href":"https:\/\/ifoffice.pt\/index.php?rest_route=\/wp\/v2\/product"}],"about":[{"href":"https:\/\/ifoffice.pt\/index.php?rest_route=\/wp\/v2\/types\/product"}],"replies":[{"embeddable":true,"href":"https:\/\/ifoffice.pt\/index.php?rest_route=%2Fwp%2Fv2%2Fcomments&post=87846"}],"wp:featuredmedia":[{"embeddable":true,"href":"https:\/\/ifoffice.pt\/index.php?rest_route=\/wp\/v2\/media\/131194"}],"wp:attachment":[{"href":"https:\/\/ifoffice.pt\/index.php?rest_route=%2Fwp%2Fv2%2Fmedia&parent=87846"}],"wp:term":[{"taxonomy":"product_brand","embeddable":true,"href":"https:\/\/ifoffice.pt\/index.php?rest_route=%2Fwp%2Fv2%2Fproduct_brand&post=87846"},{"taxonomy":"product_cat","embeddable":true,"href":"https:\/\/ifoffice.pt\/index.php?rest_route=%2Fwp%2Fv2%2Fproduct_cat&post=87846"},{"taxonomy":"product_tag","embeddable":true,"href":"https:\/\/ifoffice.pt\/index.php?rest_route=%2Fwp%2Fv2%2Fproduct_tag&post=87846"}],"curies":[{"name":"wp","href":"https:\/\/api.w.org\/{rel}","templated":true}]}}