{"id":87739,"date":"2021-01-22T21:09:55","date_gmt":"2021-01-22T21:09:55","guid":{"rendered":"https:\/\/ifoffice.pt\/produto\/import-placeholder-for-63747\/"},"modified":"2025-03-12T11:41:58","modified_gmt":"2025-03-12T11:41:58","slug":"bolsa-plastico-biodegradavel-40-x-60-millar","status":"publish","type":"product","link":"https:\/\/ifoffice.pt\/?product=bolsa-plastico-biodegradavel-40-x-60-millar","title":{"rendered":"Saco pl\u00e1stico biodegrad\u00e1vel 40 x 60 (millar). Pack 1000 unidades"},"content":{"rendered":"<p>Sacos pl\u00e1sticos para o transporte de produtos. Com 2 asas. Biodegrad\u00e1veis. O\u00a0 saco.<\/p>\n","protected":false},"excerpt":{"rendered":"<p>Bolsa plastico biodegradavel 40 x 60 (millar)<\/p>\n","protected":false},"featured_media":87769,"comment_status":"closed","ping_status":"closed","template":"","meta":{"neve_meta_sidebar":"","neve_meta_container":"","neve_meta_enable_content_width":"off","neve_meta_content_width":0,"neve_meta_title_alignment":"","neve_meta_author_avatar":"","neve_post_elements_order":"","neve_meta_disable_header":"","neve_meta_disable_footer":"","neve_meta_disable_title":""},"product_brand":[],"product_cat":[1813],"product_tag":[967],"class_list":{"0":"post-87739","1":"product","2":"type-product","3":"status-publish","4":"has-post-thumbnail","6":"product_cat-sacos-de-plastico-e-papel","7":"product_tag-bolsas","9":"first","10":"outofstock","11":"taxable","12":"shipping-taxable","13":"purchasable","14":"product-type-simple"},"_links":{"self":[{"href":"https:\/\/ifoffice.pt\/index.php?rest_route=\/wp\/v2\/product\/87739","targetHints":{"allow":["GET"]}}],"collection":[{"href":"https:\/\/ifoffice.pt\/index.php?rest_route=\/wp\/v2\/product"}],"about":[{"href":"https:\/\/ifoffice.pt\/index.php?rest_route=\/wp\/v2\/types\/product"}],"replies":[{"embeddable":true,"href":"https:\/\/ifoffice.pt\/index.php?rest_route=%2Fwp%2Fv2%2Fcomments&post=87739"}],"wp:featuredmedia":[{"embeddable":true,"href":"https:\/\/ifoffice.pt\/index.php?rest_route=\/wp\/v2\/media\/87769"}],"wp:attachment":[{"href":"https:\/\/ifoffice.pt\/index.php?rest_route=%2Fwp%2Fv2%2Fmedia&parent=87739"}],"wp:term":[{"taxonomy":"product_brand","embeddable":true,"href":"https:\/\/ifoffice.pt\/index.php?rest_route=%2Fwp%2Fv2%2Fproduct_brand&post=87739"},{"taxonomy":"product_cat","embeddable":true,"href":"https:\/\/ifoffice.pt\/index.php?rest_route=%2Fwp%2Fv2%2Fproduct_cat&post=87739"},{"taxonomy":"product_tag","embeddable":true,"href":"https:\/\/ifoffice.pt\/index.php?rest_route=%2Fwp%2Fv2%2Fproduct_tag&post=87739"}],"curies":[{"name":"wp","href":"https:\/\/api.w.org\/{rel}","templated":true}]}}