{"id":87622,"date":"2021-01-22T21:09:07","date_gmt":"2021-01-22T21:09:07","guid":{"rendered":"https:\/\/ifoffice.pt\/produto\/import-placeholder-for-63934\/"},"modified":"2025-03-12T11:41:47","modified_gmt":"2025-03-12T11:41:47","slug":"apoio-de-pulsos-kensington-smartfit-comform","status":"publish","type":"product","link":"https:\/\/ifoffice.pt\/?product=apoio-de-pulsos-kensington-smartfit-comform","title":{"rendered":"Apoio de pulsos kensington smartfit comform"},"content":{"rendered":"<p>Inovador apoio de pulsos mold\u00e1vel. Suporta de forma natural o pulso e a m\u00e3o colocando o bra\u00e7o no \u00e2ngulo ergon\u00f3mico adequado. Conta com almofadas antideslizantes na base. Isto obriga a utilizar o cotovelo e o ombro ao navegar, ajudando a reduzir assim o risco de les\u00f5es provocadas por um esfor\u00e7o repetitivo.<\/p>\n","protected":false},"excerpt":{"rendered":"<p>Apoio de pulsos kensington smartfit comform<\/p>\n","protected":false},"featured_media":121120,"comment_status":"closed","ping_status":"closed","template":"","meta":{"neve_meta_sidebar":"","neve_meta_container":"","neve_meta_enable_content_width":"","neve_meta_content_width":0,"neve_meta_title_alignment":"","neve_meta_author_avatar":"","neve_post_elements_order":"","neve_meta_disable_header":"","neve_meta_disable_footer":"","neve_meta_disable_title":""},"product_brand":[],"product_cat":[1808],"product_tag":[1188],"class_list":{"0":"post-87622","1":"product","2":"type-product","3":"status-publish","4":"has-post-thumbnail","6":"product_cat-ergonomia","7":"product_tag-apoio-de-pulsos","9":"first","10":"outofstock","11":"taxable","12":"shipping-taxable","13":"purchasable","14":"product-type-simple"},"_links":{"self":[{"href":"https:\/\/ifoffice.pt\/index.php?rest_route=\/wp\/v2\/product\/87622","targetHints":{"allow":["GET"]}}],"collection":[{"href":"https:\/\/ifoffice.pt\/index.php?rest_route=\/wp\/v2\/product"}],"about":[{"href":"https:\/\/ifoffice.pt\/index.php?rest_route=\/wp\/v2\/types\/product"}],"replies":[{"embeddable":true,"href":"https:\/\/ifoffice.pt\/index.php?rest_route=%2Fwp%2Fv2%2Fcomments&post=87622"}],"wp:featuredmedia":[{"embeddable":true,"href":"https:\/\/ifoffice.pt\/index.php?rest_route=\/wp\/v2\/media\/121120"}],"wp:attachment":[{"href":"https:\/\/ifoffice.pt\/index.php?rest_route=%2Fwp%2Fv2%2Fmedia&parent=87622"}],"wp:term":[{"taxonomy":"product_brand","embeddable":true,"href":"https:\/\/ifoffice.pt\/index.php?rest_route=%2Fwp%2Fv2%2Fproduct_brand&post=87622"},{"taxonomy":"product_cat","embeddable":true,"href":"https:\/\/ifoffice.pt\/index.php?rest_route=%2Fwp%2Fv2%2Fproduct_cat&post=87622"},{"taxonomy":"product_tag","embeddable":true,"href":"https:\/\/ifoffice.pt\/index.php?rest_route=%2Fwp%2Fv2%2Fproduct_tag&post=87622"}],"curies":[{"name":"wp","href":"https:\/\/api.w.org\/{rel}","templated":true}]}}