{"id":87439,"date":"2021-01-22T21:07:58","date_gmt":"2021-01-22T21:07:58","guid":{"rendered":"https:\/\/ifoffice.pt\/produto\/import-placeholder-for-64164\/"},"modified":"2026-02-23T14:53:23","modified_gmt":"2026-02-23T14:53:23","slug":"cola-purpurina-uhu-glitter-glue-mix-ouro-prata-20-ml","status":"publish","type":"product","link":"https:\/\/ifoffice.pt\/?product=cola-purpurina-uhu-glitter-glue-mix-ouro-prata-20-ml","title":{"rendered":"Cola purpurina uhu glitter glue mix ouro \/ prata 20 ml"},"content":{"rendered":"<p>Ideal para desenhos criativos de quadros, cart\u00f5es de felicita\u00e7\u00e3o, marcas etc&#8230;  Em conformidade com a norma CE. A\u00a0cola.<\/p>\n","protected":false},"excerpt":{"rendered":"<p>PACK DE 24 UNIDADES<\/p>\n","protected":false},"featured_media":121043,"comment_status":"closed","ping_status":"closed","template":"","meta":{"neve_meta_sidebar":"","neve_meta_container":"","neve_meta_enable_content_width":"off","neve_meta_content_width":0,"neve_meta_title_alignment":"","neve_meta_author_avatar":"","neve_post_elements_order":"","neve_meta_disable_header":"","neve_meta_disable_footer":"","neve_meta_disable_title":""},"product_brand":[],"product_cat":[2876],"product_tag":[2289],"class_list":{"0":"post-87439","1":"product","2":"type-product","3":"status-publish","4":"has-post-thumbnail","6":"product_cat-purpurinas","7":"product_tag-ouro-prata","9":"first","10":"outofstock","11":"taxable","12":"shipping-taxable","13":"purchasable","14":"product-type-simple"},"_links":{"self":[{"href":"https:\/\/ifoffice.pt\/index.php?rest_route=\/wp\/v2\/product\/87439","targetHints":{"allow":["GET"]}}],"collection":[{"href":"https:\/\/ifoffice.pt\/index.php?rest_route=\/wp\/v2\/product"}],"about":[{"href":"https:\/\/ifoffice.pt\/index.php?rest_route=\/wp\/v2\/types\/product"}],"replies":[{"embeddable":true,"href":"https:\/\/ifoffice.pt\/index.php?rest_route=%2Fwp%2Fv2%2Fcomments&post=87439"}],"wp:featuredmedia":[{"embeddable":true,"href":"https:\/\/ifoffice.pt\/index.php?rest_route=\/wp\/v2\/media\/121043"}],"wp:attachment":[{"href":"https:\/\/ifoffice.pt\/index.php?rest_route=%2Fwp%2Fv2%2Fmedia&parent=87439"}],"wp:term":[{"taxonomy":"product_brand","embeddable":true,"href":"https:\/\/ifoffice.pt\/index.php?rest_route=%2Fwp%2Fv2%2Fproduct_brand&post=87439"},{"taxonomy":"product_cat","embeddable":true,"href":"https:\/\/ifoffice.pt\/index.php?rest_route=%2Fwp%2Fv2%2Fproduct_cat&post=87439"},{"taxonomy":"product_tag","embeddable":true,"href":"https:\/\/ifoffice.pt\/index.php?rest_route=%2Fwp%2Fv2%2Fproduct_tag&post=87439"}],"curies":[{"name":"wp","href":"https:\/\/api.w.org\/{rel}","templated":true}]}}