{"id":87435,"date":"2021-01-22T21:07:57","date_gmt":"2021-01-22T21:07:57","guid":{"rendered":"https:\/\/ifoffice.pt\/produto\/import-placeholder-for-64172\/"},"modified":"2026-02-23T13:19:35","modified_gmt":"2026-02-23T13:19:35","slug":"lapis-de-cores-pentel-caixa-com-24-unidades","status":"publish","type":"product","link":"https:\/\/ifoffice.pt\/?product=lapis-de-cores-pentel-caixa-com-24-unidades","title":{"rendered":"Lapis de cor pentel caixa com 24 unidades"},"content":{"rendered":"<p>L\u00e1pis de cor hexagonais de madeira suave. Com cores claras e brilhantes.  Grande suavidade ao desenhar e resist\u00eancia \u00e0 rotura. Fabricados com madeira de florestas  sustent\u00e1veis. Minas de 3 mm para maior resist\u00eancia e dura\u00e7\u00e3o. Estojo de cart\u00e3o com 12 e 24 l\u00e1pis  em cores sortidas.<\/p>\n","protected":false},"excerpt":{"rendered":"<p>Lapis de cor pentel caixa com 24 unidades<\/p>\n","protected":false},"featured_media":121039,"comment_status":"closed","ping_status":"closed","template":"","meta":{"neve_meta_sidebar":"","neve_meta_container":"","neve_meta_enable_content_width":"off","neve_meta_content_width":0,"neve_meta_title_alignment":"","neve_meta_author_avatar":"","neve_post_elements_order":"","neve_meta_disable_header":"","neve_meta_disable_footer":"","neve_meta_disable_title":""},"product_brand":[],"product_cat":[1856],"product_tag":[2880],"class_list":{"0":"post-87435","1":"product","2":"type-product","3":"status-publish","4":"has-post-thumbnail","6":"product_cat-lapis-de-cor","7":"product_tag-escolar2023","9":"first","10":"instock","11":"sale","12":"taxable","13":"shipping-taxable","14":"purchasable","15":"product-type-simple"},"_links":{"self":[{"href":"https:\/\/ifoffice.pt\/index.php?rest_route=\/wp\/v2\/product\/87435","targetHints":{"allow":["GET"]}}],"collection":[{"href":"https:\/\/ifoffice.pt\/index.php?rest_route=\/wp\/v2\/product"}],"about":[{"href":"https:\/\/ifoffice.pt\/index.php?rest_route=\/wp\/v2\/types\/product"}],"replies":[{"embeddable":true,"href":"https:\/\/ifoffice.pt\/index.php?rest_route=%2Fwp%2Fv2%2Fcomments&post=87435"}],"wp:featuredmedia":[{"embeddable":true,"href":"https:\/\/ifoffice.pt\/index.php?rest_route=\/wp\/v2\/media\/121039"}],"wp:attachment":[{"href":"https:\/\/ifoffice.pt\/index.php?rest_route=%2Fwp%2Fv2%2Fmedia&parent=87435"}],"wp:term":[{"taxonomy":"product_brand","embeddable":true,"href":"https:\/\/ifoffice.pt\/index.php?rest_route=%2Fwp%2Fv2%2Fproduct_brand&post=87435"},{"taxonomy":"product_cat","embeddable":true,"href":"https:\/\/ifoffice.pt\/index.php?rest_route=%2Fwp%2Fv2%2Fproduct_cat&post=87435"},{"taxonomy":"product_tag","embeddable":true,"href":"https:\/\/ifoffice.pt\/index.php?rest_route=%2Fwp%2Fv2%2Fproduct_tag&post=87435"}],"curies":[{"name":"wp","href":"https:\/\/api.w.org\/{rel}","templated":true}]}}