{"id":87318,"date":"2021-01-22T21:07:12","date_gmt":"2021-01-22T21:07:12","guid":{"rendered":"https:\/\/ifoffice.pt\/produto\/import-placeholder-for-64590\/"},"modified":"2026-02-23T13:19:23","modified_gmt":"2026-02-23T13:19:23","slug":"caixa-para-pasta-de-arquivo-de-alavanca-liderpapel-documenta-cartao-din-a4-lombada-75-mm-verde-claro-2","status":"publish","type":"product","link":"https:\/\/ifoffice.pt\/?product=caixa-para-pasta-de-arquivo-de-alavanca-liderpapel-documenta-cartao-din-a4-lombada-75-mm-verde-claro-2","title":{"rendered":"Caixa para pasta de arquivo de alavanca liderpapel documenta din a4 lombada 75 mm verde claro"},"content":{"rendered":"<p>Pasta de arquivo em cart\u00e3o colado. Forrada em PVC. Ferragem de alavanca e compressor niquelado. Calha e porta etiqueta na lombada. Com rado e \u00f3culo. Guarda impressa \u00e0 cor. 2 an\u00e9is. Com Rado e ferragem de alavanca.<\/p>\n","protected":false},"excerpt":{"rendered":"<p>Caixa para pasta de arquivo de alavanca liderpapel documenta din a4 lombada 75 mm verde claro<\/p>\n","protected":false},"featured_media":130846,"comment_status":"closed","ping_status":"closed","template":"","meta":{"neve_meta_sidebar":"","neve_meta_container":"","neve_meta_enable_content_width":"off","neve_meta_content_width":0,"neve_meta_title_alignment":"","neve_meta_author_avatar":"","neve_post_elements_order":"","neve_meta_disable_header":"","neve_meta_disable_footer":"","neve_meta_disable_title":""},"product_brand":[],"product_cat":[1822],"product_tag":[1008],"class_list":{"0":"post-87318","1":"product","2":"type-product","3":"status-publish","4":"has-post-thumbnail","6":"product_cat-pastas-de-arquivo","7":"product_tag-caixas-para-pastas-de-arquivo","9":"first","10":"instock","11":"sale","12":"taxable","13":"shipping-taxable","14":"purchasable","15":"product-type-simple"},"_links":{"self":[{"href":"https:\/\/ifoffice.pt\/index.php?rest_route=\/wp\/v2\/product\/87318","targetHints":{"allow":["GET"]}}],"collection":[{"href":"https:\/\/ifoffice.pt\/index.php?rest_route=\/wp\/v2\/product"}],"about":[{"href":"https:\/\/ifoffice.pt\/index.php?rest_route=\/wp\/v2\/types\/product"}],"replies":[{"embeddable":true,"href":"https:\/\/ifoffice.pt\/index.php?rest_route=%2Fwp%2Fv2%2Fcomments&post=87318"}],"wp:featuredmedia":[{"embeddable":true,"href":"https:\/\/ifoffice.pt\/index.php?rest_route=\/wp\/v2\/media\/130846"}],"wp:attachment":[{"href":"https:\/\/ifoffice.pt\/index.php?rest_route=%2Fwp%2Fv2%2Fmedia&parent=87318"}],"wp:term":[{"taxonomy":"product_brand","embeddable":true,"href":"https:\/\/ifoffice.pt\/index.php?rest_route=%2Fwp%2Fv2%2Fproduct_brand&post=87318"},{"taxonomy":"product_cat","embeddable":true,"href":"https:\/\/ifoffice.pt\/index.php?rest_route=%2Fwp%2Fv2%2Fproduct_cat&post=87318"},{"taxonomy":"product_tag","embeddable":true,"href":"https:\/\/ifoffice.pt\/index.php?rest_route=%2Fwp%2Fv2%2Fproduct_tag&post=87318"}],"curies":[{"name":"wp","href":"https:\/\/api.w.org\/{rel}","templated":true}]}}