{"id":87093,"date":"2021-01-22T21:05:36","date_gmt":"2021-01-22T21:05:36","guid":{"rendered":"https:\/\/ifoffice.pt\/produto\/import-placeholder-for-64798\/"},"modified":"2025-03-12T11:40:35","modified_gmt":"2025-03-12T11:40:35","slug":"agua-destilada-vivochef-garrafa-1l","status":"publish","type":"product","link":"https:\/\/ifoffice.pt\/?product=agua-destilada-vivochef-garrafa-1l","title":{"rendered":"Agua destilada vivochef garrafa 1l"},"content":{"rendered":"<p>\u00c1gua destilada. Aplica\u00e7\u00f5es: bact\u00e9rias, otica, radiadores de ve\u00edculos, etc.<\/p>\n","protected":false},"excerpt":{"rendered":"<p>Agua destilada vivochef garrafa 1l<\/p>\n","protected":false},"featured_media":87123,"comment_status":"closed","ping_status":"closed","template":"","meta":{"neve_meta_sidebar":"","neve_meta_container":"","neve_meta_enable_content_width":"off","neve_meta_content_width":0,"neve_meta_title_alignment":"","neve_meta_author_avatar":"","neve_post_elements_order":"","neve_meta_disable_header":"","neve_meta_disable_footer":"","neve_meta_disable_title":""},"product_brand":[],"product_cat":[15],"product_tag":[2284],"class_list":{"0":"post-87093","1":"product","2":"type-product","3":"status-publish","4":"has-post-thumbnail","6":"product_cat-uncategorized","7":"product_tag-agua-destilada","9":"first","10":"outofstock","11":"taxable","12":"shipping-taxable","13":"purchasable","14":"product-type-simple"},"_links":{"self":[{"href":"https:\/\/ifoffice.pt\/index.php?rest_route=\/wp\/v2\/product\/87093","targetHints":{"allow":["GET"]}}],"collection":[{"href":"https:\/\/ifoffice.pt\/index.php?rest_route=\/wp\/v2\/product"}],"about":[{"href":"https:\/\/ifoffice.pt\/index.php?rest_route=\/wp\/v2\/types\/product"}],"replies":[{"embeddable":true,"href":"https:\/\/ifoffice.pt\/index.php?rest_route=%2Fwp%2Fv2%2Fcomments&post=87093"}],"wp:featuredmedia":[{"embeddable":true,"href":"https:\/\/ifoffice.pt\/index.php?rest_route=\/wp\/v2\/media\/87123"}],"wp:attachment":[{"href":"https:\/\/ifoffice.pt\/index.php?rest_route=%2Fwp%2Fv2%2Fmedia&parent=87093"}],"wp:term":[{"taxonomy":"product_brand","embeddable":true,"href":"https:\/\/ifoffice.pt\/index.php?rest_route=%2Fwp%2Fv2%2Fproduct_brand&post=87093"},{"taxonomy":"product_cat","embeddable":true,"href":"https:\/\/ifoffice.pt\/index.php?rest_route=%2Fwp%2Fv2%2Fproduct_cat&post=87093"},{"taxonomy":"product_tag","embeddable":true,"href":"https:\/\/ifoffice.pt\/index.php?rest_route=%2Fwp%2Fv2%2Fproduct_tag&post=87093"}],"curies":[{"name":"wp","href":"https:\/\/api.w.org\/{rel}","templated":true}]}}