{"id":86850,"date":"2021-01-22T21:04:04","date_gmt":"2021-01-22T21:04:04","guid":{"rendered":"https:\/\/ifoffice.pt\/produto\/import-placeholder-for-67865\/"},"modified":"2026-02-23T13:18:53","modified_gmt":"2026-02-23T13:18:53","slug":"foto-transfer-la-pajarita-boiao-de-75ml","status":"publish","type":"product","link":"https:\/\/ifoffice.pt\/?product=foto-transfer-la-pajarita-boiao-de-75ml","title":{"rendered":"Foto transfer la pajarita boiao de 75ml"},"content":{"rendered":"<p>Produto \u00e0 base de \u00e1gua para transferir imagens impressas com laser em papel, a multiplas superf\u00edcies: len\u00e7o, madeira, tela, vidro, etc. Acabamento brilhante e transparente. Aplicar uma dem\u00e3o de Foto Transfer bem repartida sobre a imagem, imediatamente vir\u00e1-la sobre a superf\u00edcie, pressionando para que adira bem.<\/p>\n","protected":false},"excerpt":{"rendered":"<p>Foto transfer la pajarita boiao de 75ml<\/p>\n","protected":false},"featured_media":120822,"comment_status":"closed","ping_status":"closed","template":"","meta":{"neve_meta_sidebar":"","neve_meta_container":"","neve_meta_enable_content_width":"off","neve_meta_content_width":0,"neve_meta_title_alignment":"","neve_meta_author_avatar":"","neve_post_elements_order":"","neve_meta_disable_header":"","neve_meta_disable_footer":"","neve_meta_disable_title":""},"product_brand":[],"product_cat":[1755],"product_tag":[2277],"class_list":{"0":"post-86850","1":"product","2":"type-product","3":"status-publish","4":"has-post-thumbnail","6":"product_cat-outros","7":"product_tag-foto-transfer","9":"first","10":"instock","11":"taxable","12":"shipping-taxable","13":"purchasable","14":"product-type-simple"},"_links":{"self":[{"href":"https:\/\/ifoffice.pt\/index.php?rest_route=\/wp\/v2\/product\/86850","targetHints":{"allow":["GET"]}}],"collection":[{"href":"https:\/\/ifoffice.pt\/index.php?rest_route=\/wp\/v2\/product"}],"about":[{"href":"https:\/\/ifoffice.pt\/index.php?rest_route=\/wp\/v2\/types\/product"}],"replies":[{"embeddable":true,"href":"https:\/\/ifoffice.pt\/index.php?rest_route=%2Fwp%2Fv2%2Fcomments&post=86850"}],"wp:featuredmedia":[{"embeddable":true,"href":"https:\/\/ifoffice.pt\/index.php?rest_route=\/wp\/v2\/media\/120822"}],"wp:attachment":[{"href":"https:\/\/ifoffice.pt\/index.php?rest_route=%2Fwp%2Fv2%2Fmedia&parent=86850"}],"wp:term":[{"taxonomy":"product_brand","embeddable":true,"href":"https:\/\/ifoffice.pt\/index.php?rest_route=%2Fwp%2Fv2%2Fproduct_brand&post=86850"},{"taxonomy":"product_cat","embeddable":true,"href":"https:\/\/ifoffice.pt\/index.php?rest_route=%2Fwp%2Fv2%2Fproduct_cat&post=86850"},{"taxonomy":"product_tag","embeddable":true,"href":"https:\/\/ifoffice.pt\/index.php?rest_route=%2Fwp%2Fv2%2Fproduct_tag&post=86850"}],"curies":[{"name":"wp","href":"https:\/\/api.w.org\/{rel}","templated":true}]}}