{"id":86731,"date":"2021-01-22T21:03:16","date_gmt":"2021-01-22T21:03:16","guid":{"rendered":"https:\/\/ifoffice.pt\/produto\/import-placeholder-for-68114\/"},"modified":"2024-09-30T17:07:35","modified_gmt":"2024-09-30T17:07:35","slug":"pen-drive-usb-q-connect-flasf-128-gb-3-0","status":"publish","type":"product","link":"https:\/\/ifoffice.pt\/?product=pen-drive-usb-q-connect-flasf-128-gb-3-0","title":{"rendered":"Pen drive usb q-connect flasf 128 gb 3.0"},"content":{"rendered":"<p>Mem\u00f3ria Flash USB com um excelente rendimento e grande velocidade. Pr\u00e1tico formato retr\u00e1til: o conetor USB oculta-se no corpo compacto, para ficar totalmente protegido sem necessidade de uma tampa. Interface SuperSpeed 3.0, compat\u00edvel com USB 2.0. Cor prateado. Conta com um orif\u00edcio para colocar um cord\u00e3o. Com capacidade 64GB. Medidas: 55 x 20 x 7 mm.<\/p>\n","protected":false},"excerpt":{"rendered":"<p>Pen drive usb q-connect flasf 128 gb 3.0<\/p>\n","protected":false},"featured_media":120775,"comment_status":"closed","ping_status":"closed","template":"","meta":{"neve_meta_sidebar":"","neve_meta_container":"","neve_meta_enable_content_width":"off","neve_meta_content_width":100,"neve_meta_title_alignment":"","neve_meta_author_avatar":"","neve_post_elements_order":"","neve_meta_disable_header":"","neve_meta_disable_footer":"","neve_meta_disable_title":""},"product_brand":[],"product_cat":[2831],"product_tag":[931],"class_list":{"0":"post-86731","1":"product","2":"type-product","3":"status-publish","4":"has-post-thumbnail","6":"product_cat-memorias-usbsddiscos-duros","7":"product_tag-memorias-usb","9":"first","10":"instock","11":"taxable","12":"shipping-taxable","13":"purchasable","14":"product-type-variable","15":"has-default-attributes"},"_links":{"self":[{"href":"https:\/\/ifoffice.pt\/index.php?rest_route=\/wp\/v2\/product\/86731","targetHints":{"allow":["GET"]}}],"collection":[{"href":"https:\/\/ifoffice.pt\/index.php?rest_route=\/wp\/v2\/product"}],"about":[{"href":"https:\/\/ifoffice.pt\/index.php?rest_route=\/wp\/v2\/types\/product"}],"replies":[{"embeddable":true,"href":"https:\/\/ifoffice.pt\/index.php?rest_route=%2Fwp%2Fv2%2Fcomments&post=86731"}],"wp:featuredmedia":[{"embeddable":true,"href":"https:\/\/ifoffice.pt\/index.php?rest_route=\/wp\/v2\/media\/120775"}],"wp:attachment":[{"href":"https:\/\/ifoffice.pt\/index.php?rest_route=%2Fwp%2Fv2%2Fmedia&parent=86731"}],"wp:term":[{"taxonomy":"product_brand","embeddable":true,"href":"https:\/\/ifoffice.pt\/index.php?rest_route=%2Fwp%2Fv2%2Fproduct_brand&post=86731"},{"taxonomy":"product_cat","embeddable":true,"href":"https:\/\/ifoffice.pt\/index.php?rest_route=%2Fwp%2Fv2%2Fproduct_cat&post=86731"},{"taxonomy":"product_tag","embeddable":true,"href":"https:\/\/ifoffice.pt\/index.php?rest_route=%2Fwp%2Fv2%2Fproduct_tag&post=86731"}],"curies":[{"name":"wp","href":"https:\/\/api.w.org\/{rel}","templated":true}]}}