{"id":85779,"date":"2021-01-22T20:54:45","date_gmt":"2021-01-22T20:54:45","guid":{"rendered":"https:\/\/ifoffice.pt\/produto\/import-placeholder-for-69962\/"},"modified":"2025-03-12T11:39:41","modified_gmt":"2025-03-12T11:39:41","slug":"aguarelas-pelikan-junior-23-cm-estojo-de-12-unidades","status":"publish","type":"product","link":"https:\/\/ifoffice.pt\/?product=aguarelas-pelikan-junior-23-cm-estojo-de-12-unidades","title":{"rendered":"Aguarelas pelikan junior 2,3 cm estojo de 12 unidades"},"content":{"rendered":"<p>Atrativa apresenta\u00e7\u00e3o de cores e estojo inovador de  pl\u00e1stico r\u00edgido com 12 pastilhas de aguarela (2,3cm)  em cores brilhantes para trabalhos escolares. Em  estojos de 5 cores diferentes: amarelo, azul, branco,  vermelho, verde. Inclui pincel.<\/p>\n","protected":false},"excerpt":{"rendered":"<p>Aguarelas pelikan junior 2,3 cm estojo de 12 unidades<\/p>\n","protected":false},"featured_media":132237,"comment_status":"closed","ping_status":"closed","template":"","meta":{"neve_meta_sidebar":"","neve_meta_container":"","neve_meta_enable_content_width":"off","neve_meta_content_width":0,"neve_meta_title_alignment":"","neve_meta_author_avatar":"","neve_post_elements_order":"","neve_meta_disable_header":"","neve_meta_disable_footer":"","neve_meta_disable_title":""},"product_brand":[],"product_cat":[1950],"product_tag":[1296],"class_list":{"0":"post-85779","1":"product","2":"type-product","3":"status-publish","4":"has-post-thumbnail","6":"product_cat-aguarelas-e-lapis-de-aguarelas","7":"product_tag-aguarela","9":"first","10":"outofstock","11":"taxable","12":"shipping-taxable","13":"purchasable","14":"product-type-simple"},"_links":{"self":[{"href":"https:\/\/ifoffice.pt\/index.php?rest_route=\/wp\/v2\/product\/85779","targetHints":{"allow":["GET"]}}],"collection":[{"href":"https:\/\/ifoffice.pt\/index.php?rest_route=\/wp\/v2\/product"}],"about":[{"href":"https:\/\/ifoffice.pt\/index.php?rest_route=\/wp\/v2\/types\/product"}],"replies":[{"embeddable":true,"href":"https:\/\/ifoffice.pt\/index.php?rest_route=%2Fwp%2Fv2%2Fcomments&post=85779"}],"wp:featuredmedia":[{"embeddable":true,"href":"https:\/\/ifoffice.pt\/index.php?rest_route=\/wp\/v2\/media\/132237"}],"wp:attachment":[{"href":"https:\/\/ifoffice.pt\/index.php?rest_route=%2Fwp%2Fv2%2Fmedia&parent=85779"}],"wp:term":[{"taxonomy":"product_brand","embeddable":true,"href":"https:\/\/ifoffice.pt\/index.php?rest_route=%2Fwp%2Fv2%2Fproduct_brand&post=85779"},{"taxonomy":"product_cat","embeddable":true,"href":"https:\/\/ifoffice.pt\/index.php?rest_route=%2Fwp%2Fv2%2Fproduct_cat&post=85779"},{"taxonomy":"product_tag","embeddable":true,"href":"https:\/\/ifoffice.pt\/index.php?rest_route=%2Fwp%2Fv2%2Fproduct_tag&post=85779"}],"curies":[{"name":"wp","href":"https:\/\/api.w.org\/{rel}","templated":true}]}}