{"id":85776,"date":"2021-01-22T20:54:45","date_gmt":"2021-01-22T20:54:45","guid":{"rendered":"https:\/\/ifoffice.pt\/produto\/import-placeholder-for-70002\/"},"modified":"2026-02-23T13:18:02","modified_gmt":"2026-02-23T13:18:02","slug":"papel-higienico-scottex-original-pack-124-rolos","status":"publish","type":"product","link":"https:\/\/ifoffice.pt\/?product=papel-higienico-scottex-original-pack-124-rolos","title":{"rendered":"Papel higienico scottex original pack 12+4 rolos"},"content":{"rendered":"<p>Papel higi\u00e9nico suave, resistente. M\u00e1xima higiene. Alta qualidade a um pre\u00e7o  econ\u00f3mico. Pack de 12+4 rolos. Gramagem: 19 g\/m2.<\/p>\n","protected":false},"excerpt":{"rendered":"<p>Papel higienico scottex original pack 12+4 rolos<\/p>\n","protected":false},"featured_media":120466,"comment_status":"closed","ping_status":"closed","template":"","meta":{"neve_meta_sidebar":"","neve_meta_container":"","neve_meta_enable_content_width":"","neve_meta_content_width":0,"neve_meta_title_alignment":"","neve_meta_author_avatar":"","neve_post_elements_order":"","neve_meta_disable_header":"","neve_meta_disable_footer":"","neve_meta_disable_title":""},"product_brand":[],"product_cat":[1816],"product_tag":[983],"class_list":{"0":"post-85776","1":"product","2":"type-product","3":"status-publish","4":"has-post-thumbnail","6":"product_cat-lencos-papel-papel-hig-toalhe","7":"product_tag-papel-higienico","9":"first","10":"instock","11":"taxable","12":"shipping-taxable","13":"purchasable","14":"product-type-simple"},"_links":{"self":[{"href":"https:\/\/ifoffice.pt\/index.php?rest_route=\/wp\/v2\/product\/85776","targetHints":{"allow":["GET"]}}],"collection":[{"href":"https:\/\/ifoffice.pt\/index.php?rest_route=\/wp\/v2\/product"}],"about":[{"href":"https:\/\/ifoffice.pt\/index.php?rest_route=\/wp\/v2\/types\/product"}],"replies":[{"embeddable":true,"href":"https:\/\/ifoffice.pt\/index.php?rest_route=%2Fwp%2Fv2%2Fcomments&post=85776"}],"wp:featuredmedia":[{"embeddable":true,"href":"https:\/\/ifoffice.pt\/index.php?rest_route=\/wp\/v2\/media\/120466"}],"wp:attachment":[{"href":"https:\/\/ifoffice.pt\/index.php?rest_route=%2Fwp%2Fv2%2Fmedia&parent=85776"}],"wp:term":[{"taxonomy":"product_brand","embeddable":true,"href":"https:\/\/ifoffice.pt\/index.php?rest_route=%2Fwp%2Fv2%2Fproduct_brand&post=85776"},{"taxonomy":"product_cat","embeddable":true,"href":"https:\/\/ifoffice.pt\/index.php?rest_route=%2Fwp%2Fv2%2Fproduct_cat&post=85776"},{"taxonomy":"product_tag","embeddable":true,"href":"https:\/\/ifoffice.pt\/index.php?rest_route=%2Fwp%2Fv2%2Fproduct_tag&post=85776"}],"curies":[{"name":"wp","href":"https:\/\/api.w.org\/{rel}","templated":true}]}}