{"id":85723,"date":"2021-01-22T20:54:22","date_gmt":"2021-01-22T20:54:22","guid":{"rendered":"https:\/\/ifoffice.pt\/produto\/import-placeholder-for-70038\/"},"modified":"2026-02-23T13:17:58","modified_gmt":"2026-02-23T13:17:58","slug":"avental-jovi-infantil","status":"publish","type":"product","link":"https:\/\/ifoffice.pt\/?product=avental-jovi-infantil","title":{"rendered":"Avental jovi infantil"},"content":{"rendered":"<p>Avental para proteger contra as manchas. Com fecho de velcro na parte posterior e punhos el\u00e1sticos  para f\u00e1cil adapta\u00e7\u00e3o ao bra\u00e7o da crian\u00e7a. Ideal para uso escolar. Fabricado em polyester 100%.<\/p>\n","protected":false},"excerpt":{"rendered":"<p>Avental jovi infantil<\/p>\n","protected":false},"featured_media":120445,"comment_status":"closed","ping_status":"closed","template":"","meta":{"neve_meta_sidebar":"","neve_meta_container":"","neve_meta_enable_content_width":"off","neve_meta_content_width":0,"neve_meta_title_alignment":"","neve_meta_author_avatar":"","neve_post_elements_order":"","neve_meta_disable_header":"","neve_meta_disable_footer":"","neve_meta_disable_title":""},"product_brand":[],"product_cat":[1781],"product_tag":[],"class_list":{"0":"post-85723","1":"product","2":"type-product","3":"status-publish","4":"has-post-thumbnail","6":"product_cat-outros-artigos-escolares","8":"first","9":"instock","10":"taxable","11":"shipping-taxable","12":"purchasable","13":"product-type-simple"},"_links":{"self":[{"href":"https:\/\/ifoffice.pt\/index.php?rest_route=\/wp\/v2\/product\/85723","targetHints":{"allow":["GET"]}}],"collection":[{"href":"https:\/\/ifoffice.pt\/index.php?rest_route=\/wp\/v2\/product"}],"about":[{"href":"https:\/\/ifoffice.pt\/index.php?rest_route=\/wp\/v2\/types\/product"}],"replies":[{"embeddable":true,"href":"https:\/\/ifoffice.pt\/index.php?rest_route=%2Fwp%2Fv2%2Fcomments&post=85723"}],"wp:featuredmedia":[{"embeddable":true,"href":"https:\/\/ifoffice.pt\/index.php?rest_route=\/wp\/v2\/media\/120445"}],"wp:attachment":[{"href":"https:\/\/ifoffice.pt\/index.php?rest_route=%2Fwp%2Fv2%2Fmedia&parent=85723"}],"wp:term":[{"taxonomy":"product_brand","embeddable":true,"href":"https:\/\/ifoffice.pt\/index.php?rest_route=%2Fwp%2Fv2%2Fproduct_brand&post=85723"},{"taxonomy":"product_cat","embeddable":true,"href":"https:\/\/ifoffice.pt\/index.php?rest_route=%2Fwp%2Fv2%2Fproduct_cat&post=85723"},{"taxonomy":"product_tag","embeddable":true,"href":"https:\/\/ifoffice.pt\/index.php?rest_route=%2Fwp%2Fv2%2Fproduct_tag&post=85723"}],"curies":[{"name":"wp","href":"https:\/\/api.w.org\/{rel}","templated":true}]}}