{"id":85707,"date":"2021-01-22T20:54:20","date_gmt":"2021-01-22T20:54:20","guid":{"rendered":"https:\/\/ifoffice.pt\/produto\/import-placeholder-for-71788\/"},"modified":"2026-02-23T13:17:56","modified_gmt":"2026-02-23T13:17:56","slug":"dispensador-tork-higienico-elevation-h2-de-toalhetes-302x444x102-cm","status":"publish","type":"product","link":"https:\/\/ifoffice.pt\/?product=dispensador-tork-higienico-elevation-h2-de-toalhetes-302x444x102-cm","title":{"rendered":"Dispensador tork higienico elevation h2 de toalhetes 30,2&#215;44,4&#215;10,2 cm"},"content":{"rendered":"<p>Dispensador para toalhetes de m\u00e3o entredobradas. Adequados para  entornos que exigem tanto qualidade como higiene. F\u00e1cil reposi\u00e7\u00e3o,  at\u00e9 2,5 packs. Dispensa\u00e7\u00e3o individual, redu\u00e7\u00e3o do consumo garantida.  Prote\u00e7\u00e3o do conte\u00fado excedente. Garantia de higiene. O usu\u00e1rio apenas  toca no produto que vai usar. Design especial para redu\u00e7\u00e3o de espa\u00e7o.  Tampa de abertura lateral. Cor branco. Medidas: 30,2 x 44,4 x 10, 2 cm.<\/p>\n","protected":false},"excerpt":{"rendered":"<p>Dispensador tork higienico elevation h2 de toalhetes 30,2&#215;44,4&#215;10,2 cm<\/p>\n","protected":false},"featured_media":120432,"comment_status":"closed","ping_status":"closed","template":"","meta":{"neve_meta_sidebar":"","neve_meta_container":"","neve_meta_enable_content_width":"","neve_meta_content_width":0,"neve_meta_title_alignment":"","neve_meta_author_avatar":"","neve_post_elements_order":"","neve_meta_disable_header":"","neve_meta_disable_footer":"","neve_meta_disable_title":""},"product_brand":[],"product_cat":[1806],"product_tag":[978],"class_list":{"0":"post-85707","1":"product","2":"type-product","3":"status-publish","4":"has-post-thumbnail","6":"product_cat-dispensadores","7":"product_tag-dispensadores-de-papel","9":"first","10":"instock","11":"taxable","12":"shipping-taxable","13":"purchasable","14":"product-type-simple"},"_links":{"self":[{"href":"https:\/\/ifoffice.pt\/index.php?rest_route=\/wp\/v2\/product\/85707","targetHints":{"allow":["GET"]}}],"collection":[{"href":"https:\/\/ifoffice.pt\/index.php?rest_route=\/wp\/v2\/product"}],"about":[{"href":"https:\/\/ifoffice.pt\/index.php?rest_route=\/wp\/v2\/types\/product"}],"replies":[{"embeddable":true,"href":"https:\/\/ifoffice.pt\/index.php?rest_route=%2Fwp%2Fv2%2Fcomments&post=85707"}],"wp:featuredmedia":[{"embeddable":true,"href":"https:\/\/ifoffice.pt\/index.php?rest_route=\/wp\/v2\/media\/120432"}],"wp:attachment":[{"href":"https:\/\/ifoffice.pt\/index.php?rest_route=%2Fwp%2Fv2%2Fmedia&parent=85707"}],"wp:term":[{"taxonomy":"product_brand","embeddable":true,"href":"https:\/\/ifoffice.pt\/index.php?rest_route=%2Fwp%2Fv2%2Fproduct_brand&post=85707"},{"taxonomy":"product_cat","embeddable":true,"href":"https:\/\/ifoffice.pt\/index.php?rest_route=%2Fwp%2Fv2%2Fproduct_cat&post=85707"},{"taxonomy":"product_tag","embeddable":true,"href":"https:\/\/ifoffice.pt\/index.php?rest_route=%2Fwp%2Fv2%2Fproduct_tag&post=85707"}],"curies":[{"name":"wp","href":"https:\/\/api.w.org\/{rel}","templated":true}]}}