{"id":85705,"date":"2021-01-22T20:54:20","date_gmt":"2021-01-22T20:54:20","guid":{"rendered":"https:\/\/ifoffice.pt\/produto\/import-placeholder-for-71790\/"},"modified":"2026-02-23T13:17:55","modified_gmt":"2026-02-23T13:17:55","slug":"dispensador-tork-higienico-elevation-h3-de-toalhitas-333x439x136-cm","status":"publish","type":"product","link":"https:\/\/ifoffice.pt\/?product=dispensador-tork-higienico-elevation-h3-de-toalhitas-333x439x136-cm","title":{"rendered":"Dispensador tork higienico elevation h3 de toalhitas 33,3&#215;43,9&#215;13,6 cm"},"content":{"rendered":"<p>Dispensador para toalhetes de m\u00e3o entredobradas. Adequado para entornos  que exigem tanto qualidade como higiene. F\u00e1cil reposi\u00e7\u00e3o, at\u00e9 2,5 embalagens.  Dispensador simples e c\u00f3modo. Prote\u00e7\u00e3o do conte\u00fado excedente. Garantia de  higiene. Design robusto ideal para entornos exigentes. Tampa de abertura lateral.  Cor branco. Medidas: 33,3 x 43,9 x 13,6 cm.<\/p>\n","protected":false},"excerpt":{"rendered":"<p>Dispensador tork higienico elevation h3 de toalhitas 33,3&#215;43,9&#215;13,6 cm<\/p>\n","protected":false},"featured_media":120430,"comment_status":"closed","ping_status":"closed","template":"","meta":{"neve_meta_sidebar":"","neve_meta_container":"","neve_meta_enable_content_width":"","neve_meta_content_width":0,"neve_meta_title_alignment":"","neve_meta_author_avatar":"","neve_post_elements_order":"","neve_meta_disable_header":"","neve_meta_disable_footer":"","neve_meta_disable_title":""},"product_brand":[],"product_cat":[1806],"product_tag":[978],"class_list":{"0":"post-85705","1":"product","2":"type-product","3":"status-publish","4":"has-post-thumbnail","6":"product_cat-dispensadores","7":"product_tag-dispensadores-de-papel","9":"first","10":"instock","11":"taxable","12":"shipping-taxable","13":"purchasable","14":"product-type-simple"},"_links":{"self":[{"href":"https:\/\/ifoffice.pt\/index.php?rest_route=\/wp\/v2\/product\/85705","targetHints":{"allow":["GET"]}}],"collection":[{"href":"https:\/\/ifoffice.pt\/index.php?rest_route=\/wp\/v2\/product"}],"about":[{"href":"https:\/\/ifoffice.pt\/index.php?rest_route=\/wp\/v2\/types\/product"}],"replies":[{"embeddable":true,"href":"https:\/\/ifoffice.pt\/index.php?rest_route=%2Fwp%2Fv2%2Fcomments&post=85705"}],"wp:featuredmedia":[{"embeddable":true,"href":"https:\/\/ifoffice.pt\/index.php?rest_route=\/wp\/v2\/media\/120430"}],"wp:attachment":[{"href":"https:\/\/ifoffice.pt\/index.php?rest_route=%2Fwp%2Fv2%2Fmedia&parent=85705"}],"wp:term":[{"taxonomy":"product_brand","embeddable":true,"href":"https:\/\/ifoffice.pt\/index.php?rest_route=%2Fwp%2Fv2%2Fproduct_brand&post=85705"},{"taxonomy":"product_cat","embeddable":true,"href":"https:\/\/ifoffice.pt\/index.php?rest_route=%2Fwp%2Fv2%2Fproduct_cat&post=85705"},{"taxonomy":"product_tag","embeddable":true,"href":"https:\/\/ifoffice.pt\/index.php?rest_route=%2Fwp%2Fv2%2Fproduct_tag&post=85705"}],"curies":[{"name":"wp","href":"https:\/\/api.w.org\/{rel}","templated":true}]}}