{"id":85701,"date":"2021-01-22T20:54:19","date_gmt":"2021-01-22T20:54:19","guid":{"rendered":"https:\/\/ifoffice.pt\/produto\/import-placeholder-for-71794\/"},"modified":"2026-02-23T13:17:55","modified_gmt":"2026-02-23T13:17:55","slug":"dispensador-tork-higienico-elevation-m2-de-papel-239x36x227-cm","status":"publish","type":"product","link":"https:\/\/ifoffice.pt\/?product=dispensador-tork-higienico-elevation-m2-de-papel-239x36x227-cm","title":{"rendered":"Dispensador tork higienico elevation m2 de papel 23,9x36x22,7 cm"},"content":{"rendered":"<p>Dispensador para toalhetes de m\u00e3o para as bobines de alimenta\u00e7\u00e3o  central. Uso simples, que permite ao usu\u00e1rio utilizar tanto papel como  necessite. Ideal para \u00e1reas de pouca aflu\u00eancia. Desenhado para uma  reposi\u00e7\u00e3o r\u00e1pida e simples. Dentes de a\u00e7o inoxid\u00e1vel. Dispensa\u00e7\u00e3o  flexivel. Cor branco. Medidas: 239 x 360 x 227 mm.<\/p>\n","protected":false},"excerpt":{"rendered":"<p>Dispensador tork higienico elevation m2 de papel 23,9x36x22,7 cm<\/p>\n","protected":false},"featured_media":120426,"comment_status":"closed","ping_status":"closed","template":"","meta":{"neve_meta_sidebar":"","neve_meta_container":"","neve_meta_enable_content_width":"","neve_meta_content_width":0,"neve_meta_title_alignment":"","neve_meta_author_avatar":"","neve_post_elements_order":"","neve_meta_disable_header":"","neve_meta_disable_footer":"","neve_meta_disable_title":""},"product_brand":[],"product_cat":[1806],"product_tag":[978],"class_list":{"0":"post-85701","1":"product","2":"type-product","3":"status-publish","4":"has-post-thumbnail","6":"product_cat-dispensadores","7":"product_tag-dispensadores-de-papel","9":"first","10":"instock","11":"taxable","12":"shipping-taxable","13":"purchasable","14":"product-type-simple"},"_links":{"self":[{"href":"https:\/\/ifoffice.pt\/index.php?rest_route=\/wp\/v2\/product\/85701","targetHints":{"allow":["GET"]}}],"collection":[{"href":"https:\/\/ifoffice.pt\/index.php?rest_route=\/wp\/v2\/product"}],"about":[{"href":"https:\/\/ifoffice.pt\/index.php?rest_route=\/wp\/v2\/types\/product"}],"replies":[{"embeddable":true,"href":"https:\/\/ifoffice.pt\/index.php?rest_route=%2Fwp%2Fv2%2Fcomments&post=85701"}],"wp:featuredmedia":[{"embeddable":true,"href":"https:\/\/ifoffice.pt\/index.php?rest_route=\/wp\/v2\/media\/120426"}],"wp:attachment":[{"href":"https:\/\/ifoffice.pt\/index.php?rest_route=%2Fwp%2Fv2%2Fmedia&parent=85701"}],"wp:term":[{"taxonomy":"product_brand","embeddable":true,"href":"https:\/\/ifoffice.pt\/index.php?rest_route=%2Fwp%2Fv2%2Fproduct_brand&post=85701"},{"taxonomy":"product_cat","embeddable":true,"href":"https:\/\/ifoffice.pt\/index.php?rest_route=%2Fwp%2Fv2%2Fproduct_cat&post=85701"},{"taxonomy":"product_tag","embeddable":true,"href":"https:\/\/ifoffice.pt\/index.php?rest_route=%2Fwp%2Fv2%2Fproduct_tag&post=85701"}],"curies":[{"name":"wp","href":"https:\/\/api.w.org\/{rel}","templated":true}]}}