{"id":85602,"date":"2021-01-22T20:53:37","date_gmt":"2021-01-22T20:53:37","guid":{"rendered":"https:\/\/ifoffice.pt\/produto\/import-placeholder-for-71958\/"},"modified":"2026-02-23T13:17:50","modified_gmt":"2026-02-23T13:17:50","slug":"tabuleiro-de-secretaria-archivo-2000-plastico-transparente-cristal-340x260x60-mm","status":"publish","type":"product","link":"https:\/\/ifoffice.pt\/?product=tabuleiro-de-secretaria-archivo-2000-plastico-transparente-cristal-340x260x60-mm","title":{"rendered":"Tabuleiro de secretaria archivo 2000 plastico transparente cristal 340x260x60 mm"},"content":{"rendered":"<p>Fabricada em poliestireno recicl\u00e1vel. De grande capacidade, ideal para grandes documentos e listagens. Elegante, pr\u00e1tico e muito robusto. Com 2 asas laterais para mover com maior facilidade. Grande abertura na parte dianteira. Empilh\u00e1vel. Medidas bandeja individual: 340 x 260 x 60 mm.<\/p>\n","protected":false},"excerpt":{"rendered":"<p>Tabuleiro de secretaria archivo 2000 plastico transparente cristal 340x260x60 mm<\/p>\n","protected":false},"featured_media":120398,"comment_status":"closed","ping_status":"closed","template":"","meta":{"neve_meta_sidebar":"","neve_meta_container":"","neve_meta_enable_content_width":"off","neve_meta_content_width":0,"neve_meta_title_alignment":"","neve_meta_author_avatar":"","neve_post_elements_order":"","neve_meta_disable_header":"","neve_meta_disable_footer":"","neve_meta_disable_title":""},"product_brand":[],"product_cat":[1834],"product_tag":[946],"class_list":{"0":"post-85602","1":"product","2":"type-product","3":"status-publish","4":"has-post-thumbnail","6":"product_cat-tabuleiros-de-secretaria","7":"product_tag-plastico","9":"first","10":"outofstock","11":"taxable","12":"shipping-taxable","13":"purchasable","14":"product-type-simple"},"_links":{"self":[{"href":"https:\/\/ifoffice.pt\/index.php?rest_route=\/wp\/v2\/product\/85602","targetHints":{"allow":["GET"]}}],"collection":[{"href":"https:\/\/ifoffice.pt\/index.php?rest_route=\/wp\/v2\/product"}],"about":[{"href":"https:\/\/ifoffice.pt\/index.php?rest_route=\/wp\/v2\/types\/product"}],"replies":[{"embeddable":true,"href":"https:\/\/ifoffice.pt\/index.php?rest_route=%2Fwp%2Fv2%2Fcomments&post=85602"}],"wp:featuredmedia":[{"embeddable":true,"href":"https:\/\/ifoffice.pt\/index.php?rest_route=\/wp\/v2\/media\/120398"}],"wp:attachment":[{"href":"https:\/\/ifoffice.pt\/index.php?rest_route=%2Fwp%2Fv2%2Fmedia&parent=85602"}],"wp:term":[{"taxonomy":"product_brand","embeddable":true,"href":"https:\/\/ifoffice.pt\/index.php?rest_route=%2Fwp%2Fv2%2Fproduct_brand&post=85602"},{"taxonomy":"product_cat","embeddable":true,"href":"https:\/\/ifoffice.pt\/index.php?rest_route=%2Fwp%2Fv2%2Fproduct_cat&post=85602"},{"taxonomy":"product_tag","embeddable":true,"href":"https:\/\/ifoffice.pt\/index.php?rest_route=%2Fwp%2Fv2%2Fproduct_tag&post=85602"}],"curies":[{"name":"wp","href":"https:\/\/api.w.org\/{rel}","templated":true}]}}