{"id":85594,"date":"2021-01-22T20:53:36","date_gmt":"2021-01-22T20:53:36","guid":{"rendered":"https:\/\/ifoffice.pt\/produto\/import-placeholder-for-72008\/"},"modified":"2025-03-12T11:39:20","modified_gmt":"2025-03-12T11:39:20","slug":"borracha-pelikan-sp-30-58310","status":"publish","type":"product","link":"https:\/\/ifoffice.pt\/?product=borracha-pelikan-sp-30-58310","title":{"rendered":"Borracha pelikan sp-30 (58310)"},"content":{"rendered":"<p>Borracha de apagar l\u00e1pis. Ideal para \u00e1reas  extensas. Muito suave, n\u00e3o ataca o papel.  Medidas: 11 x 58 x 20 mm.<\/p>\n","protected":false},"excerpt":{"rendered":"<p>PACK DE 30 UNIDADES<\/p>\n","protected":false},"featured_media":120394,"comment_status":"closed","ping_status":"closed","template":"","meta":{"neve_meta_sidebar":"","neve_meta_container":"","neve_meta_enable_content_width":"off","neve_meta_content_width":0,"neve_meta_title_alignment":"","neve_meta_author_avatar":"","neve_post_elements_order":"","neve_meta_disable_header":"","neve_meta_disable_footer":"","neve_meta_disable_title":""},"product_brand":[],"product_cat":[1789],"product_tag":[878],"class_list":{"0":"post-85594","1":"product","2":"type-product","3":"status-publish","4":"has-post-thumbnail","6":"product_cat-borrachas","7":"product_tag-borracha","9":"first","10":"outofstock","11":"taxable","12":"shipping-taxable","13":"purchasable","14":"product-type-simple"},"_links":{"self":[{"href":"https:\/\/ifoffice.pt\/index.php?rest_route=\/wp\/v2\/product\/85594","targetHints":{"allow":["GET"]}}],"collection":[{"href":"https:\/\/ifoffice.pt\/index.php?rest_route=\/wp\/v2\/product"}],"about":[{"href":"https:\/\/ifoffice.pt\/index.php?rest_route=\/wp\/v2\/types\/product"}],"replies":[{"embeddable":true,"href":"https:\/\/ifoffice.pt\/index.php?rest_route=%2Fwp%2Fv2%2Fcomments&post=85594"}],"wp:featuredmedia":[{"embeddable":true,"href":"https:\/\/ifoffice.pt\/index.php?rest_route=\/wp\/v2\/media\/120394"}],"wp:attachment":[{"href":"https:\/\/ifoffice.pt\/index.php?rest_route=%2Fwp%2Fv2%2Fmedia&parent=85594"}],"wp:term":[{"taxonomy":"product_brand","embeddable":true,"href":"https:\/\/ifoffice.pt\/index.php?rest_route=%2Fwp%2Fv2%2Fproduct_brand&post=85594"},{"taxonomy":"product_cat","embeddable":true,"href":"https:\/\/ifoffice.pt\/index.php?rest_route=%2Fwp%2Fv2%2Fproduct_cat&post=85594"},{"taxonomy":"product_tag","embeddable":true,"href":"https:\/\/ifoffice.pt\/index.php?rest_route=%2Fwp%2Fv2%2Fproduct_tag&post=85594"}],"curies":[{"name":"wp","href":"https:\/\/api.w.org\/{rel}","templated":true}]}}