{"id":85586,"date":"2021-01-22T20:53:35","date_gmt":"2021-01-22T20:53:35","guid":{"rendered":"https:\/\/ifoffice.pt\/produto\/import-placeholder-for-72019\/"},"modified":"2026-02-23T14:46:43","modified_gmt":"2026-02-23T14:46:43","slug":"esferografica-stabilo-pointball-05-mm-cor-vermelho","status":"publish","type":"product","link":"https:\/\/ifoffice.pt\/?product=esferografica-stabilo-pointball-05-mm-cor-vermelho","title":{"rendered":"Esferografica stabilo pointball 0,5 mm cor vermelho"},"content":{"rendered":"<p>Esferogr\u00e1fica com um design cl\u00e1ssico e \u00fanico. Fabricado em 79% com pl\u00e1sticos reciclados. Tinta extremamente suave para uma r\u00e1pida escrita. Zona de pega antideslizante. Retr\u00e1til. Tinta azul, preta e verde anti-falsifica\u00e7\u00f5es. Recarreg\u00e1vel. Tra\u00e7o: 0,5 mm.<\/p>\n","protected":false},"excerpt":{"rendered":"<p>PACK DE 10 UNIDADES<\/p>\n","protected":false},"featured_media":120386,"comment_status":"closed","ping_status":"closed","template":"","meta":{"neve_meta_sidebar":"","neve_meta_container":"","neve_meta_enable_content_width":"off","neve_meta_content_width":0,"neve_meta_title_alignment":"","neve_meta_author_avatar":"","neve_post_elements_order":"","neve_meta_disable_header":"","neve_meta_disable_footer":"","neve_meta_disable_title":""},"product_brand":[],"product_cat":[1761],"product_tag":[815],"class_list":{"0":"post-85586","1":"product","2":"type-product","3":"status-publish","4":"has-post-thumbnail","6":"product_cat-esferograficas","7":"product_tag-retratil","9":"first","10":"instock","11":"taxable","12":"shipping-taxable","13":"purchasable","14":"product-type-simple"},"_links":{"self":[{"href":"https:\/\/ifoffice.pt\/index.php?rest_route=\/wp\/v2\/product\/85586","targetHints":{"allow":["GET"]}}],"collection":[{"href":"https:\/\/ifoffice.pt\/index.php?rest_route=\/wp\/v2\/product"}],"about":[{"href":"https:\/\/ifoffice.pt\/index.php?rest_route=\/wp\/v2\/types\/product"}],"replies":[{"embeddable":true,"href":"https:\/\/ifoffice.pt\/index.php?rest_route=%2Fwp%2Fv2%2Fcomments&post=85586"}],"wp:featuredmedia":[{"embeddable":true,"href":"https:\/\/ifoffice.pt\/index.php?rest_route=\/wp\/v2\/media\/120386"}],"wp:attachment":[{"href":"https:\/\/ifoffice.pt\/index.php?rest_route=%2Fwp%2Fv2%2Fmedia&parent=85586"}],"wp:term":[{"taxonomy":"product_brand","embeddable":true,"href":"https:\/\/ifoffice.pt\/index.php?rest_route=%2Fwp%2Fv2%2Fproduct_brand&post=85586"},{"taxonomy":"product_cat","embeddable":true,"href":"https:\/\/ifoffice.pt\/index.php?rest_route=%2Fwp%2Fv2%2Fproduct_cat&post=85586"},{"taxonomy":"product_tag","embeddable":true,"href":"https:\/\/ifoffice.pt\/index.php?rest_route=%2Fwp%2Fv2%2Fproduct_tag&post=85586"}],"curies":[{"name":"wp","href":"https:\/\/api.w.org\/{rel}","templated":true}]}}