{"id":85480,"date":"2021-01-22T20:52:55","date_gmt":"2021-01-22T20:52:55","guid":{"rendered":"https:\/\/ifoffice.pt\/produto\/import-placeholder-for-72096\/"},"modified":"2025-03-12T11:39:04","modified_gmt":"2025-03-12T11:39:04","slug":"expositor-mmp20-com-60-unidades-sem-header","status":"publish","type":"product","link":"https:\/\/ifoffice.pt\/?product=expositor-mmp20-com-60-unidades-sem-header","title":{"rendered":"Expositor mmp20 com 60 unidades sem header"},"content":{"rendered":"<p>Marcador de ponta redonda para uso em vidro, pl\u00e1stico, borracha e metal. Com cores claras e vivas. 240 metros de dist\u00e2ncia de escrita. Dispon\u00edvel em 15 cores. Tra\u00e7o de 4,6 mm.<\/p>\n","protected":false},"excerpt":{"rendered":"<p>Expositor mmp20 com 60 unidades sem header<\/p>\n","protected":false},"featured_media":85504,"comment_status":"closed","ping_status":"closed","template":"","meta":{"neve_meta_sidebar":"","neve_meta_container":"","neve_meta_enable_content_width":"off","neve_meta_content_width":0,"neve_meta_title_alignment":"","neve_meta_author_avatar":"","neve_post_elements_order":"","neve_meta_disable_header":"","neve_meta_disable_footer":"","neve_meta_disable_title":""},"product_brand":[],"product_cat":[1867],"product_tag":[914],"class_list":{"0":"post-85480","1":"product","2":"type-product","3":"status-publish","4":"has-post-thumbnail","6":"product_cat-marcador-para-quadro-branco","7":"product_tag-especiais","9":"first","10":"outofstock","11":"taxable","12":"shipping-taxable","13":"purchasable","14":"product-type-simple"},"_links":{"self":[{"href":"https:\/\/ifoffice.pt\/index.php?rest_route=\/wp\/v2\/product\/85480","targetHints":{"allow":["GET"]}}],"collection":[{"href":"https:\/\/ifoffice.pt\/index.php?rest_route=\/wp\/v2\/product"}],"about":[{"href":"https:\/\/ifoffice.pt\/index.php?rest_route=\/wp\/v2\/types\/product"}],"replies":[{"embeddable":true,"href":"https:\/\/ifoffice.pt\/index.php?rest_route=%2Fwp%2Fv2%2Fcomments&post=85480"}],"wp:featuredmedia":[{"embeddable":true,"href":"https:\/\/ifoffice.pt\/index.php?rest_route=\/wp\/v2\/media\/85504"}],"wp:attachment":[{"href":"https:\/\/ifoffice.pt\/index.php?rest_route=%2Fwp%2Fv2%2Fmedia&parent=85480"}],"wp:term":[{"taxonomy":"product_brand","embeddable":true,"href":"https:\/\/ifoffice.pt\/index.php?rest_route=%2Fwp%2Fv2%2Fproduct_brand&post=85480"},{"taxonomy":"product_cat","embeddable":true,"href":"https:\/\/ifoffice.pt\/index.php?rest_route=%2Fwp%2Fv2%2Fproduct_cat&post=85480"},{"taxonomy":"product_tag","embeddable":true,"href":"https:\/\/ifoffice.pt\/index.php?rest_route=%2Fwp%2Fv2%2Fproduct_tag&post=85480"}],"curies":[{"name":"wp","href":"https:\/\/api.w.org\/{rel}","templated":true}]}}