{"id":85456,"date":"2021-01-22T20:52:52","date_gmt":"2021-01-22T20:52:52","guid":{"rendered":"https:\/\/ifoffice.pt\/produto\/import-placeholder-for-72163\/"},"modified":"2025-03-12T11:39:01","modified_gmt":"2025-03-12T11:39:01","slug":"ponteiro-laser-kensington","status":"publish","type":"product","link":"https:\/\/ifoffice.pt\/?product=ponteiro-laser-kensington","title":{"rendered":"Ponteiro laser kensington"},"content":{"rendered":"<p>Incorpora uma memoria USB remov\u00e1vel de 2 GB que guarda as suas apresenta\u00e7\u00f5es. Alcance sem fios at\u00e9 50 metros. O laser verde \u00e9 dez vezes mais brilhante que o vermelho standard. Indicador de carga baixa das pilhas. Bot\u00f5es retroiluminados. Dois modos: altere instantaneamente entre o modo de apresenta\u00e7\u00e0o e o modo de controlo do cursor. Interruptor de ligado e desligado. O recetor USB guarda-se dentro. Bolsa de transporte inclu\u00e1da. Controla Keynote e PowerPoint. Utiliza duas pilhas AAA inclu\u00e1das. O ponteiro.<\/p>\n","protected":false},"excerpt":{"rendered":"<p>Ponteiro laser kensington<\/p>\n","protected":false},"featured_media":85486,"comment_status":"closed","ping_status":"closed","template":"","meta":{"neve_meta_sidebar":"","neve_meta_container":"","neve_meta_enable_content_width":"","neve_meta_content_width":0,"neve_meta_title_alignment":"","neve_meta_author_avatar":"","neve_post_elements_order":"","neve_meta_disable_header":"","neve_meta_disable_footer":"","neve_meta_disable_title":""},"product_brand":[],"product_cat":[1908],"product_tag":[1275],"class_list":{"0":"post-85456","1":"product","2":"type-product","3":"status-publish","4":"has-post-thumbnail","6":"product_cat-acessorios-para-quadros","7":"product_tag-ponteiro","9":"first","10":"outofstock","11":"taxable","12":"shipping-taxable","13":"purchasable","14":"product-type-simple"},"_links":{"self":[{"href":"https:\/\/ifoffice.pt\/index.php?rest_route=\/wp\/v2\/product\/85456","targetHints":{"allow":["GET"]}}],"collection":[{"href":"https:\/\/ifoffice.pt\/index.php?rest_route=\/wp\/v2\/product"}],"about":[{"href":"https:\/\/ifoffice.pt\/index.php?rest_route=\/wp\/v2\/types\/product"}],"replies":[{"embeddable":true,"href":"https:\/\/ifoffice.pt\/index.php?rest_route=%2Fwp%2Fv2%2Fcomments&post=85456"}],"wp:featuredmedia":[{"embeddable":true,"href":"https:\/\/ifoffice.pt\/index.php?rest_route=\/wp\/v2\/media\/85486"}],"wp:attachment":[{"href":"https:\/\/ifoffice.pt\/index.php?rest_route=%2Fwp%2Fv2%2Fmedia&parent=85456"}],"wp:term":[{"taxonomy":"product_brand","embeddable":true,"href":"https:\/\/ifoffice.pt\/index.php?rest_route=%2Fwp%2Fv2%2Fproduct_brand&post=85456"},{"taxonomy":"product_cat","embeddable":true,"href":"https:\/\/ifoffice.pt\/index.php?rest_route=%2Fwp%2Fv2%2Fproduct_cat&post=85456"},{"taxonomy":"product_tag","embeddable":true,"href":"https:\/\/ifoffice.pt\/index.php?rest_route=%2Fwp%2Fv2%2Fproduct_tag&post=85456"}],"curies":[{"name":"wp","href":"https:\/\/api.w.org\/{rel}","templated":true}]}}