{"id":85412,"date":"2021-01-22T20:52:32","date_gmt":"2021-01-22T20:52:32","guid":{"rendered":"https:\/\/ifoffice.pt\/produto\/import-placeholder-for-72186\/"},"modified":"2026-02-23T14:52:59","modified_gmt":"2026-02-23T14:52:59","slug":"apara-lapis-mr-especial-para-tres-diferentes-aplicacoes","status":"publish","type":"product","link":"https:\/\/ifoffice.pt\/?product=apara-lapis-mr-especial-para-tres-diferentes-aplicacoes","title":{"rendered":"Apara lapis m+r especial para tres diferentes aplicacoes"},"content":{"rendered":"<p>Apara l\u00e1pis em forma triangular e cantos redondos. De grande resist\u00eancia. Tr\u00eas usos que permitem tr\u00eas formas distintas de afiar o l\u00e1pis.<\/p>\n","protected":false},"excerpt":{"rendered":"<p>PACK DE 20 UNIDADES<\/p>\n","protected":false},"featured_media":120331,"comment_status":"closed","ping_status":"closed","template":"","meta":{"neve_meta_sidebar":"","neve_meta_container":"","neve_meta_enable_content_width":"off","neve_meta_content_width":0,"neve_meta_title_alignment":"","neve_meta_author_avatar":"","neve_post_elements_order":"","neve_meta_disable_header":"","neve_meta_disable_footer":"","neve_meta_disable_title":""},"product_brand":[],"product_cat":[1858],"product_tag":[2223],"class_list":{"0":"post-85412","1":"product","2":"type-product","3":"status-publish","4":"has-post-thumbnail","6":"product_cat-apara-lapis","7":"product_tag-3-usos","9":"first","10":"instock","11":"taxable","12":"shipping-taxable","13":"purchasable","14":"product-type-simple"},"_links":{"self":[{"href":"https:\/\/ifoffice.pt\/index.php?rest_route=\/wp\/v2\/product\/85412","targetHints":{"allow":["GET"]}}],"collection":[{"href":"https:\/\/ifoffice.pt\/index.php?rest_route=\/wp\/v2\/product"}],"about":[{"href":"https:\/\/ifoffice.pt\/index.php?rest_route=\/wp\/v2\/types\/product"}],"replies":[{"embeddable":true,"href":"https:\/\/ifoffice.pt\/index.php?rest_route=%2Fwp%2Fv2%2Fcomments&post=85412"}],"wp:featuredmedia":[{"embeddable":true,"href":"https:\/\/ifoffice.pt\/index.php?rest_route=\/wp\/v2\/media\/120331"}],"wp:attachment":[{"href":"https:\/\/ifoffice.pt\/index.php?rest_route=%2Fwp%2Fv2%2Fmedia&parent=85412"}],"wp:term":[{"taxonomy":"product_brand","embeddable":true,"href":"https:\/\/ifoffice.pt\/index.php?rest_route=%2Fwp%2Fv2%2Fproduct_brand&post=85412"},{"taxonomy":"product_cat","embeddable":true,"href":"https:\/\/ifoffice.pt\/index.php?rest_route=%2Fwp%2Fv2%2Fproduct_cat&post=85412"},{"taxonomy":"product_tag","embeddable":true,"href":"https:\/\/ifoffice.pt\/index.php?rest_route=%2Fwp%2Fv2%2Fproduct_tag&post=85412"}],"curies":[{"name":"wp","href":"https:\/\/api.w.org\/{rel}","templated":true}]}}