{"id":85331,"date":"2021-01-22T20:52:07","date_gmt":"2021-01-22T20:52:07","guid":{"rendered":"https:\/\/ifoffice.pt\/produto\/import-placeholder-for-72379\/"},"modified":"2026-04-01T15:27:05","modified_gmt":"2026-04-01T15:27:05","slug":"verniz-la-pajarita-tapa-poros-35ml","status":"publish","type":"product","link":"https:\/\/ifoffice.pt\/?product=verniz-la-pajarita-tapa-poros-35ml","title":{"rendered":"Verniz la pajarita tapa poros 35ml"},"content":{"rendered":"<p>Utiliza-se para evitar a absor\u00e7\u00e3o excessiva da cor  em superf\u00edcies muito porosas ou absorventes.  Incolor. Tamb\u00e9m se pode utilizar como fixador de  pinturas ou como plastificador final. Para diluir ou  limpar os utensilios usar \u00e1gua.<\/p>\n","protected":false},"excerpt":{"rendered":"<p>PACK DE 6 UNIDADES<\/p>\n","protected":false},"featured_media":120284,"comment_status":"closed","ping_status":"closed","template":"","meta":{"neve_meta_sidebar":"","neve_meta_container":"","neve_meta_enable_content_width":"off","neve_meta_content_width":0,"neve_meta_title_alignment":"","neve_meta_author_avatar":"","neve_post_elements_order":"","neve_meta_disable_header":"","neve_meta_disable_footer":"","neve_meta_disable_title":""},"product_brand":[],"product_cat":[1954],"product_tag":[1966],"class_list":{"0":"post-85331","1":"product","2":"type-product","3":"status-publish","4":"has-post-thumbnail","6":"product_cat-guache","7":"product_tag-verniz","9":"first","10":"instock","11":"taxable","12":"shipping-taxable","13":"purchasable","14":"product-type-simple"},"_links":{"self":[{"href":"https:\/\/ifoffice.pt\/index.php?rest_route=\/wp\/v2\/product\/85331","targetHints":{"allow":["GET"]}}],"collection":[{"href":"https:\/\/ifoffice.pt\/index.php?rest_route=\/wp\/v2\/product"}],"about":[{"href":"https:\/\/ifoffice.pt\/index.php?rest_route=\/wp\/v2\/types\/product"}],"replies":[{"embeddable":true,"href":"https:\/\/ifoffice.pt\/index.php?rest_route=%2Fwp%2Fv2%2Fcomments&post=85331"}],"wp:featuredmedia":[{"embeddable":true,"href":"https:\/\/ifoffice.pt\/index.php?rest_route=\/wp\/v2\/media\/120284"}],"wp:attachment":[{"href":"https:\/\/ifoffice.pt\/index.php?rest_route=%2Fwp%2Fv2%2Fmedia&parent=85331"}],"wp:term":[{"taxonomy":"product_brand","embeddable":true,"href":"https:\/\/ifoffice.pt\/index.php?rest_route=%2Fwp%2Fv2%2Fproduct_brand&post=85331"},{"taxonomy":"product_cat","embeddable":true,"href":"https:\/\/ifoffice.pt\/index.php?rest_route=%2Fwp%2Fv2%2Fproduct_cat&post=85331"},{"taxonomy":"product_tag","embeddable":true,"href":"https:\/\/ifoffice.pt\/index.php?rest_route=%2Fwp%2Fv2%2Fproduct_tag&post=85331"}],"curies":[{"name":"wp","href":"https:\/\/api.w.org\/{rel}","templated":true}]}}