{"id":85280,"date":"2021-01-22T20:51:45","date_gmt":"2021-01-22T20:51:45","guid":{"rendered":"https:\/\/ifoffice.pt\/produto\/import-placeholder-for-72477\/"},"modified":"2025-03-12T11:38:35","modified_gmt":"2025-03-12T11:38:35","slug":"maquina-de-cafe-delonghi-pixie-automatica-19-bar-1260w","status":"publish","type":"product","link":"https:\/\/ifoffice.pt\/?product=maquina-de-cafe-delonghi-pixie-automatica-19-bar-1260w","title":{"rendered":"Maquina de caf\u00e9 delonghi pixie automatica 19 bar 1260w"},"content":{"rendered":"<p>M\u00e1quina para c\u00e1psulas Nespresso. Controlo autom\u00e1tico do volume. Sistema de aquecimento reduzido. Desligar autom\u00e1tico. Tamanho da ch\u00e1vena program\u00e1vel. Bandeja antigotas. Caf\u00e9 expresso e longo. Contentor at\u00e9 11 c\u00e1psulas usadas. Deposito de \u00e1gua remov\u00edvel de 0,7 l. Press\u00e3o: 19 bares. Pot\u00eancia: 1.260 W. Medidas: 120 x 230 x 320 mm. Peso: 2,4 kg<\/p>\n","protected":false},"excerpt":{"rendered":"<p>Maquina de cafe delonghi pixie automatica 19 bar 1260w<\/p>\n","protected":false},"featured_media":85312,"comment_status":"closed","ping_status":"closed","template":"","meta":{"neve_meta_sidebar":"","neve_meta_container":"","neve_meta_enable_content_width":"off","neve_meta_content_width":0,"neve_meta_title_alignment":"","neve_meta_author_avatar":"","neve_post_elements_order":"","neve_meta_disable_header":"","neve_meta_disable_footer":"","neve_meta_disable_title":""},"product_brand":[],"product_cat":[2489],"product_tag":[2094],"class_list":{"0":"post-85280","1":"product","2":"type-product","3":"status-publish","4":"has-post-thumbnail","6":"product_cat-cafas-e-infusoes","7":"product_tag-cafeteiras","9":"first","10":"outofstock","11":"taxable","12":"shipping-taxable","13":"purchasable","14":"product-type-simple"},"_links":{"self":[{"href":"https:\/\/ifoffice.pt\/index.php?rest_route=\/wp\/v2\/product\/85280","targetHints":{"allow":["GET"]}}],"collection":[{"href":"https:\/\/ifoffice.pt\/index.php?rest_route=\/wp\/v2\/product"}],"about":[{"href":"https:\/\/ifoffice.pt\/index.php?rest_route=\/wp\/v2\/types\/product"}],"replies":[{"embeddable":true,"href":"https:\/\/ifoffice.pt\/index.php?rest_route=%2Fwp%2Fv2%2Fcomments&post=85280"}],"wp:featuredmedia":[{"embeddable":true,"href":"https:\/\/ifoffice.pt\/index.php?rest_route=\/wp\/v2\/media\/85312"}],"wp:attachment":[{"href":"https:\/\/ifoffice.pt\/index.php?rest_route=%2Fwp%2Fv2%2Fmedia&parent=85280"}],"wp:term":[{"taxonomy":"product_brand","embeddable":true,"href":"https:\/\/ifoffice.pt\/index.php?rest_route=%2Fwp%2Fv2%2Fproduct_brand&post=85280"},{"taxonomy":"product_cat","embeddable":true,"href":"https:\/\/ifoffice.pt\/index.php?rest_route=%2Fwp%2Fv2%2Fproduct_cat&post=85280"},{"taxonomy":"product_tag","embeddable":true,"href":"https:\/\/ifoffice.pt\/index.php?rest_route=%2Fwp%2Fv2%2Fproduct_tag&post=85280"}],"curies":[{"name":"wp","href":"https:\/\/api.w.org\/{rel}","templated":true}]}}