{"id":85273,"date":"2021-01-22T20:51:45","date_gmt":"2021-01-22T20:51:45","guid":{"rendered":"https:\/\/ifoffice.pt\/produto\/import-placeholder-for-72487\/"},"modified":"2026-02-23T13:17:29","modified_gmt":"2026-02-23T13:17:29","slug":"dispensador-de-sabao-q-connect-manual-41x275x52-cms","status":"publish","type":"product","link":"https:\/\/ifoffice.pt\/?product=dispensador-de-sabao-q-connect-manual-41x275x52-cms","title":{"rendered":"Dispensador de sabao q-connect manual 41&#215;27,5&#215;52 cms"},"content":{"rendered":"<p>Dispensador de sab\u00e3o manual, com visor transparente  que permite ver o n\u00edvel de sab\u00e3o. Cor branco. Capacidade  300 ml. Medidas: 41 x 27,5 x 52 cm.<\/p>\n","protected":false},"excerpt":{"rendered":"<p>Dispensador de sabao q-connect manual 41&#215;27,5&#215;52 cms<\/p>\n","protected":false},"featured_media":131195,"comment_status":"closed","ping_status":"closed","template":"","meta":{"neve_meta_sidebar":"","neve_meta_container":"","neve_meta_enable_content_width":"off","neve_meta_content_width":0,"neve_meta_title_alignment":"","neve_meta_author_avatar":"","neve_post_elements_order":"","neve_meta_disable_header":"","neve_meta_disable_footer":"","neve_meta_disable_title":""},"product_brand":[],"product_cat":[1806],"product_tag":[1012,979],"class_list":{"0":"post-85273","1":"product","2":"type-product","3":"status-publish","4":"has-post-thumbnail","6":"product_cat-dispensadores","7":"product_tag-covid","8":"product_tag-dispensador-de-sabao","10":"first","11":"instock","12":"sale","13":"taxable","14":"shipping-taxable","15":"purchasable","16":"product-type-simple"},"_links":{"self":[{"href":"https:\/\/ifoffice.pt\/index.php?rest_route=\/wp\/v2\/product\/85273","targetHints":{"allow":["GET"]}}],"collection":[{"href":"https:\/\/ifoffice.pt\/index.php?rest_route=\/wp\/v2\/product"}],"about":[{"href":"https:\/\/ifoffice.pt\/index.php?rest_route=\/wp\/v2\/types\/product"}],"replies":[{"embeddable":true,"href":"https:\/\/ifoffice.pt\/index.php?rest_route=%2Fwp%2Fv2%2Fcomments&post=85273"}],"wp:featuredmedia":[{"embeddable":true,"href":"https:\/\/ifoffice.pt\/index.php?rest_route=\/wp\/v2\/media\/131195"}],"wp:attachment":[{"href":"https:\/\/ifoffice.pt\/index.php?rest_route=%2Fwp%2Fv2%2Fmedia&parent=85273"}],"wp:term":[{"taxonomy":"product_brand","embeddable":true,"href":"https:\/\/ifoffice.pt\/index.php?rest_route=%2Fwp%2Fv2%2Fproduct_brand&post=85273"},{"taxonomy":"product_cat","embeddable":true,"href":"https:\/\/ifoffice.pt\/index.php?rest_route=%2Fwp%2Fv2%2Fproduct_cat&post=85273"},{"taxonomy":"product_tag","embeddable":true,"href":"https:\/\/ifoffice.pt\/index.php?rest_route=%2Fwp%2Fv2%2Fproduct_tag&post=85273"}],"curies":[{"name":"wp","href":"https:\/\/api.w.org\/{rel}","templated":true}]}}