{"id":85173,"date":"2021-01-22T20:50:58","date_gmt":"2021-01-22T20:50:58","guid":{"rendered":"https:\/\/ifoffice.pt\/produto\/import-placeholder-for-72620\/"},"modified":"2026-02-23T13:17:21","modified_gmt":"2026-02-23T13:17:21","slug":"auricular-maxel-cb-silver-121m","status":"publish","type":"product","link":"https:\/\/ifoffice.pt\/?product=auricular-maxel-cb-silver-121m","title":{"rendered":"Auricular maxel cb-silver 1,21m"},"content":{"rendered":"<p>Auriculares pequenos ideais tanto para crian\u00e7as como para adultos. Duradouros e c\u00f3modos. O auricular cria cria um tamp\u00e3o natural para impedir a cria\u00e7\u00e3o de ru\u00eddo. Adequados para uso di\u00e1rio. Compat\u00edveis com todos os dispositivos com entrada de auriculares de 3,5 mm. Entrada m\u00e1xima: 5mW. Frequ\u00eancia: 20 Hz &#8216; 23 kHz. Cor preta. Comprimento do cabo: 1,2 m. Peso: 12 g.  Os auriculares.<\/p>\n","protected":false},"excerpt":{"rendered":"<p>Auricular maxel cb-silver 1,21m<\/p>\n","protected":false},"featured_media":120224,"comment_status":"closed","ping_status":"closed","template":"","meta":{"neve_meta_sidebar":"","neve_meta_container":"","neve_meta_enable_content_width":"off","neve_meta_content_width":0,"neve_meta_title_alignment":"","neve_meta_author_avatar":"","neve_post_elements_order":"","neve_meta_disable_header":"","neve_meta_disable_footer":"","neve_meta_disable_title":""},"product_brand":[],"product_cat":[1805],"product_tag":[937],"class_list":{"0":"post-85173","1":"product","2":"type-product","3":"status-publish","4":"has-post-thumbnail","6":"product_cat-colunas-microfones-webcam","7":"product_tag-auriculares","9":"first","10":"instock","11":"taxable","12":"shipping-taxable","13":"purchasable","14":"product-type-simple"},"_links":{"self":[{"href":"https:\/\/ifoffice.pt\/index.php?rest_route=\/wp\/v2\/product\/85173","targetHints":{"allow":["GET"]}}],"collection":[{"href":"https:\/\/ifoffice.pt\/index.php?rest_route=\/wp\/v2\/product"}],"about":[{"href":"https:\/\/ifoffice.pt\/index.php?rest_route=\/wp\/v2\/types\/product"}],"replies":[{"embeddable":true,"href":"https:\/\/ifoffice.pt\/index.php?rest_route=%2Fwp%2Fv2%2Fcomments&post=85173"}],"wp:featuredmedia":[{"embeddable":true,"href":"https:\/\/ifoffice.pt\/index.php?rest_route=\/wp\/v2\/media\/120224"}],"wp:attachment":[{"href":"https:\/\/ifoffice.pt\/index.php?rest_route=%2Fwp%2Fv2%2Fmedia&parent=85173"}],"wp:term":[{"taxonomy":"product_brand","embeddable":true,"href":"https:\/\/ifoffice.pt\/index.php?rest_route=%2Fwp%2Fv2%2Fproduct_brand&post=85173"},{"taxonomy":"product_cat","embeddable":true,"href":"https:\/\/ifoffice.pt\/index.php?rest_route=%2Fwp%2Fv2%2Fproduct_cat&post=85173"},{"taxonomy":"product_tag","embeddable":true,"href":"https:\/\/ifoffice.pt\/index.php?rest_route=%2Fwp%2Fv2%2Fproduct_tag&post=85173"}],"curies":[{"name":"wp","href":"https:\/\/api.w.org\/{rel}","templated":true}]}}