{"id":85118,"date":"2021-01-22T20:50:35","date_gmt":"2021-01-22T20:50:35","guid":{"rendered":"https:\/\/ifoffice.pt\/produto\/import-placeholder-for-72759\/"},"modified":"2025-03-12T11:38:16","modified_gmt":"2025-03-12T11:38:16","slug":"frigorifico-minibar-sogo-capacidade-50-litros","status":"publish","type":"product","link":"https:\/\/ifoffice.pt\/?product=frigorifico-minibar-sogo-capacidade-50-litros","title":{"rendered":"Frigorifico minibar sogo capacidade 50 litros"},"content":{"rendered":"<p>Pequeno, com capacidade 50 litros. Compartimento congelador. Com molde coberto. Temperatura vari\u00e1vel: entre 0\u00ba-10 \u00ba c. Classifica\u00e7\u00e3o de consumo de energia: a. Refrigerante r600a. Respeita o meio ambiente; sem emiss\u00f5es cfc. Porta revers\u00edvel com junta anti-virus. P\u00e9s ajust\u00e1veis, e traseiro plano. Design de baixo ru\u00eddo. N\u00edvel de ru\u00eddo = 42db (a). Pot\u00eancia: 84w. Medidas: 500 x 520 x 510 mm. Peso: 24 kg.<\/p>\n","protected":false},"excerpt":{"rendered":"<p>Frigorifico minibar sogo capacidade 50 litros<\/p>\n","protected":false},"featured_media":85148,"comment_status":"closed","ping_status":"closed","template":"","meta":{"neve_meta_sidebar":"","neve_meta_container":"","neve_meta_enable_content_width":"off","neve_meta_content_width":0,"neve_meta_title_alignment":"","neve_meta_author_avatar":"","neve_post_elements_order":"","neve_meta_disable_header":"","neve_meta_disable_footer":"","neve_meta_disable_title":""},"product_brand":[],"product_cat":[2484],"product_tag":[896],"class_list":{"0":"post-85118","1":"product","2":"type-product","3":"status-publish","4":"has-post-thumbnail","6":"product_cat-electrodomasticos","7":"product_tag-frigorifico","9":"first","10":"outofstock","11":"taxable","12":"shipping-taxable","13":"purchasable","14":"product-type-simple"},"_links":{"self":[{"href":"https:\/\/ifoffice.pt\/index.php?rest_route=\/wp\/v2\/product\/85118","targetHints":{"allow":["GET"]}}],"collection":[{"href":"https:\/\/ifoffice.pt\/index.php?rest_route=\/wp\/v2\/product"}],"about":[{"href":"https:\/\/ifoffice.pt\/index.php?rest_route=\/wp\/v2\/types\/product"}],"replies":[{"embeddable":true,"href":"https:\/\/ifoffice.pt\/index.php?rest_route=%2Fwp%2Fv2%2Fcomments&post=85118"}],"wp:featuredmedia":[{"embeddable":true,"href":"https:\/\/ifoffice.pt\/index.php?rest_route=\/wp\/v2\/media\/85148"}],"wp:attachment":[{"href":"https:\/\/ifoffice.pt\/index.php?rest_route=%2Fwp%2Fv2%2Fmedia&parent=85118"}],"wp:term":[{"taxonomy":"product_brand","embeddable":true,"href":"https:\/\/ifoffice.pt\/index.php?rest_route=%2Fwp%2Fv2%2Fproduct_brand&post=85118"},{"taxonomy":"product_cat","embeddable":true,"href":"https:\/\/ifoffice.pt\/index.php?rest_route=%2Fwp%2Fv2%2Fproduct_cat&post=85118"},{"taxonomy":"product_tag","embeddable":true,"href":"https:\/\/ifoffice.pt\/index.php?rest_route=%2Fwp%2Fv2%2Fproduct_tag&post=85118"}],"curies":[{"name":"wp","href":"https:\/\/api.w.org\/{rel}","templated":true}]}}