{"id":85051,"date":"2021-01-22T20:50:11","date_gmt":"2021-01-22T20:50:11","guid":{"rendered":"https:\/\/ifoffice.pt\/produto\/import-placeholder-for-72799\/"},"modified":"2026-02-23T13:17:11","modified_gmt":"2026-02-23T13:17:11","slug":"papel-seda-liderpapel-52-x-76-cm-18-gr-verde-escuro-pack-25-folhas","status":"publish","type":"product","link":"https:\/\/ifoffice.pt\/?product=papel-seda-liderpapel-52-x-76-cm-18-gr-verde-escuro-pack-25-folhas","title":{"rendered":"Papel seda liderpapel 52 x 76 cm 18 gr verde escuro embalagem de 25 folhas"},"content":{"rendered":"<p>Papel de seda, colorido em massa, apresentado em embalagem de 25 folhas. Medidas da folha: 52 x 76 cm.  Gramagem: 18 g\/m\u00b2. Aplica\u00e7\u00f5es: trabalhos manuais, decora\u00e7\u00e3o, etc.<\/p>\n","protected":false},"excerpt":{"rendered":"<p>Papel seda liderpapel 52 x 76 cm 18 gr verde escuro embalagem de 25 folhas<\/p>\n","protected":false},"featured_media":120170,"comment_status":"closed","ping_status":"closed","template":"","meta":{"neve_meta_sidebar":"","neve_meta_container":"","neve_meta_enable_content_width":"off","neve_meta_content_width":0,"neve_meta_title_alignment":"","neve_meta_author_avatar":"","neve_post_elements_order":"","neve_meta_disable_header":"","neve_meta_disable_footer":"","neve_meta_disable_title":""},"product_brand":[],"product_cat":[2214],"product_tag":[2215],"class_list":{"0":"post-85051","1":"product","2":"type-product","3":"status-publish","4":"has-post-thumbnail","6":"product_cat-papel-seda","7":"product_tag-papel-seda","9":"first","10":"instock","11":"taxable","12":"shipping-taxable","13":"purchasable","14":"product-type-simple"},"_links":{"self":[{"href":"https:\/\/ifoffice.pt\/index.php?rest_route=\/wp\/v2\/product\/85051","targetHints":{"allow":["GET"]}}],"collection":[{"href":"https:\/\/ifoffice.pt\/index.php?rest_route=\/wp\/v2\/product"}],"about":[{"href":"https:\/\/ifoffice.pt\/index.php?rest_route=\/wp\/v2\/types\/product"}],"replies":[{"embeddable":true,"href":"https:\/\/ifoffice.pt\/index.php?rest_route=%2Fwp%2Fv2%2Fcomments&post=85051"}],"wp:featuredmedia":[{"embeddable":true,"href":"https:\/\/ifoffice.pt\/index.php?rest_route=\/wp\/v2\/media\/120170"}],"wp:attachment":[{"href":"https:\/\/ifoffice.pt\/index.php?rest_route=%2Fwp%2Fv2%2Fmedia&parent=85051"}],"wp:term":[{"taxonomy":"product_brand","embeddable":true,"href":"https:\/\/ifoffice.pt\/index.php?rest_route=%2Fwp%2Fv2%2Fproduct_brand&post=85051"},{"taxonomy":"product_cat","embeddable":true,"href":"https:\/\/ifoffice.pt\/index.php?rest_route=%2Fwp%2Fv2%2Fproduct_cat&post=85051"},{"taxonomy":"product_tag","embeddable":true,"href":"https:\/\/ifoffice.pt\/index.php?rest_route=%2Fwp%2Fv2%2Fproduct_tag&post=85051"}],"curies":[{"name":"wp","href":"https:\/\/api.w.org\/{rel}","templated":true}]}}