{"id":84985,"date":"2021-01-22T20:49:48","date_gmt":"2021-01-22T20:49:48","guid":{"rendered":"https:\/\/ifoffice.pt\/produto\/import-placeholder-for-72994\/"},"modified":"2026-02-23T13:17:03","modified_gmt":"2026-02-23T13:17:03","slug":"massa-adesiva-bostik-blu-tack-branca-cortada","status":"publish","type":"product","link":"https:\/\/ifoffice.pt\/?product=massa-adesiva-bostik-blu-tack-branca-cortada","title":{"rendered":"Massa adesiva bostik blu tack branca cortada"},"content":{"rendered":"<p>Massa adesiva male\u00e1vel e reutiliz\u00e1vel recomendada para a fixa\u00e7\u00e3o de todo o tipo de objetos. Muito \u00fatil para colocar posters, fotos, adornos, letras, etc. Reutiliz\u00e1vel, limpo e seguro. F\u00e1cil de utilizar. Multiusos: substitui pioneses e fitas adesivas. Conte\u00fado de 55 gr. O blister.<\/p>\n","protected":false},"excerpt":{"rendered":"<p>Massa adesiva bostik blu tack branca cortada<\/p>\n","protected":false},"featured_media":120137,"comment_status":"closed","ping_status":"closed","template":"","meta":{"neve_meta_sidebar":"","neve_meta_container":"","neve_meta_enable_content_width":"off","neve_meta_content_width":70,"neve_meta_title_alignment":"","neve_meta_author_avatar":"","neve_post_elements_order":"","neve_meta_disable_header":"","neve_meta_disable_footer":"","neve_meta_disable_title":""},"product_brand":[],"product_cat":[1759],"product_tag":[811],"class_list":{"0":"post-84985","1":"product","2":"type-product","3":"status-publish","4":"has-post-thumbnail","6":"product_cat-outros-adesivos","7":"product_tag-massa-adesiva","9":"first","10":"instock","11":"taxable","12":"shipping-taxable","13":"purchasable","14":"product-type-simple"},"_links":{"self":[{"href":"https:\/\/ifoffice.pt\/index.php?rest_route=\/wp\/v2\/product\/84985","targetHints":{"allow":["GET"]}}],"collection":[{"href":"https:\/\/ifoffice.pt\/index.php?rest_route=\/wp\/v2\/product"}],"about":[{"href":"https:\/\/ifoffice.pt\/index.php?rest_route=\/wp\/v2\/types\/product"}],"replies":[{"embeddable":true,"href":"https:\/\/ifoffice.pt\/index.php?rest_route=%2Fwp%2Fv2%2Fcomments&post=84985"}],"wp:featuredmedia":[{"embeddable":true,"href":"https:\/\/ifoffice.pt\/index.php?rest_route=\/wp\/v2\/media\/120137"}],"wp:attachment":[{"href":"https:\/\/ifoffice.pt\/index.php?rest_route=%2Fwp%2Fv2%2Fmedia&parent=84985"}],"wp:term":[{"taxonomy":"product_brand","embeddable":true,"href":"https:\/\/ifoffice.pt\/index.php?rest_route=%2Fwp%2Fv2%2Fproduct_brand&post=84985"},{"taxonomy":"product_cat","embeddable":true,"href":"https:\/\/ifoffice.pt\/index.php?rest_route=%2Fwp%2Fv2%2Fproduct_cat&post=84985"},{"taxonomy":"product_tag","embeddable":true,"href":"https:\/\/ifoffice.pt\/index.php?rest_route=%2Fwp%2Fv2%2Fproduct_tag&post=84985"}],"curies":[{"name":"wp","href":"https:\/\/api.w.org\/{rel}","templated":true}]}}